{"id":40410,"date":"2023-02-14T11:52:26","date_gmt":"2023-02-14T11:52:26","guid":{"rendered":"https:\/\/cretacars.com\/about-us\/"},"modified":"2026-03-09T10:51:18","modified_gmt":"2026-03-09T10:51:18","slug":"about-us","status":"publish","type":"page","link":"https:\/\/cretacars.com\/de\/about-us\/","title":{"rendered":"\u00dcber uns"},"content":{"rendered":"\t\t<div data-elementor-type=\"wp-post\" data-elementor-id=\"40410\" class=\"elementor elementor-40410 elementor-31520\" data-elementor-post-type=\"page\">\n\t\t\t\t\t\t<section class=\"has_eae_slider elementor-section elementor-top-section elementor-element elementor-element-1f0acdd elementor-section-boxed elementor-section-height-default elementor-section-height-default\" data-eae-slider=\"76527\" data-id=\"1f0acdd\" data-element_type=\"section\" data-e-type=\"section\" data-settings=\"{&quot;background_background&quot;:&quot;classic&quot;}\">\n\t\t\t\t\t\t\t<div class=\"elementor-background-overlay\"><\/div>\n\t\t\t\t\t\t\t<div class=\"elementor-container elementor-column-gap-no\">\n\t\t\t\t\t<div class=\"has_eae_slider elementor-column elementor-col-100 elementor-top-column elementor-element elementor-element-ed733f4\" data-eae-slider=\"95135\" data-id=\"ed733f4\" data-element_type=\"column\" data-e-type=\"column\" data-settings=\"{&quot;animation_tablet&quot;:&quot;zoomIn&quot;}\">\n\t\t\t<div class=\"elementor-widget-wrap elementor-element-populated\">\n\t\t\t\t\t\t<div class=\"elementor-element elementor-element-a7cb29f elementor-invisible elementor-widget elementor-widget-heading\" data-id=\"a7cb29f\" data-element_type=\"widget\" data-e-type=\"widget\" data-settings=\"{&quot;_animation&quot;:&quot;zoomIn&quot;}\" data-widget_type=\"heading.default\">\n\t\t\t\t<div class=\"elementor-widget-container\">\n\t\t\t\t\t<h1 class=\"elementor-heading-title elementor-size-default\">\u00dcber uns<\/h1>\t\t\t\t<\/div>\n\t\t\t\t<\/div>\n\t\t\t\t\t<\/div>\n\t\t<\/div>\n\t\t\t\t\t<\/div>\n\t\t<\/section>\n\t\t\t\t<section class=\"has_eae_slider elementor-section elementor-top-section elementor-element elementor-element-yb9kunf elementor-section-content-middle elementor-reverse-tablet elementor-reverse-mobile elementor-section-boxed elementor-section-height-default elementor-section-height-default\" data-eae-slider=\"65754\" data-id=\"yb9kunf\" data-element_type=\"section\" data-e-type=\"section\" data-settings=\"{&quot;background_background&quot;:&quot;classic&quot;}\">\n\t\t\t\t\t\t\t<div class=\"elementor-background-overlay\"><\/div>\n\t\t\t\t\t\t\t<div class=\"elementor-container elementor-column-gap-no\">\n\t\t\t\t\t<div class=\"has_eae_slider elementor-column elementor-col-50 elementor-top-column elementor-element elementor-element-7c4d4fc\" data-eae-slider=\"20387\" data-id=\"7c4d4fc\" data-element_type=\"column\" data-e-type=\"column\" data-settings=\"{&quot;background_background&quot;:&quot;classic&quot;}\">\n\t\t\t<div class=\"elementor-widget-wrap elementor-element-populated\">\n\t\t\t\t\t<div class=\"elementor-background-overlay\"><\/div>\n\t\t\t\t\t\t<div class=\"elementor-element elementor-element-f71383f elementor-widget elementor-widget-image\" data-id=\"f71383f\" data-element_type=\"widget\" data-e-type=\"widget\" data-widget_type=\"image.default\">\n\t\t\t\t<div class=\"elementor-widget-container\">\n\t\t\t\t\t\t\t\t\t\t\t\t\t\t\t<img fetchpriority=\"high\" decoding=\"async\" width=\"480\" height=\"620\" src=\"https:\/\/cretacars.com\/wp-content\/uploads\/2025\/10\/gray-car-bumper-vertical.jpg\" class=\"attachment-full size-full wp-image-40413\" alt=\"gray car bumper vertical\" srcset=\"https:\/\/cretacars.com\/wp-content\/uploads\/2025\/10\/gray-car-bumper-vertical.jpg 480w, https:\/\/cretacars.com\/wp-content\/uploads\/2025\/10\/gray-car-bumper-vertical-232x300.jpg 232w\" sizes=\"(max-width: 480px) 100vw, 480px\" \/>\t\t\t\t\t\t\t\t\t\t\t\t\t\t\t<\/div>\n\t\t\t\t<\/div>\n\t\t\t\t\t<\/div>\n\t\t<\/div>\n\t\t\t\t<div class=\"has_eae_slider elementor-column elementor-col-50 elementor-top-column elementor-element elementor-element-6f6465c\" data-eae-slider=\"28865\" data-id=\"6f6465c\" data-element_type=\"column\" data-e-type=\"column\" data-settings=\"{&quot;background_background&quot;:&quot;classic&quot;}\">\n\t\t\t<div class=\"elementor-widget-wrap elementor-element-populated\">\n\t\t\t\t\t\t<div class=\"elementor-element elementor-element-ebc1767 elementor-widget elementor-widget-ucaddon_uc_scroll_reveal_text\" data-id=\"ebc1767\" data-element_type=\"widget\" data-e-type=\"widget\" data-widget_type=\"ucaddon_uc_scroll_reveal_text.default\">\n\t\t\t\t<div class=\"elementor-widget-container\">\n\t\t\t\t\t\n<!-- start Scroll Text Reveal -->\n\t\t<link id='uc_ac_assets_file_aos_css_26053-css' href='https:\/\/cretacars.com\/wp-content\/uploads\/ac_assets\/uc_scroll_reveal_text\/aos.css' type='text\/css' rel='stylesheet' >\n\t\t<link id='uc_ac_assets_file_uc_scroll_reveal_text_css_3698-css' href='https:\/\/cretacars.com\/wp-content\/uploads\/ac_assets\/uc_scroll_reveal_text\/uc_scroll_reveal_text.css' type='text\/css' rel='stylesheet' >\n\n<style>\/* widget: Scroll Text Reveal *\/\n\n#uc_uc_scroll_reveal_text_elementor_ebc1767.uc_scroll_reveal_text {\n    text-align: center;\n}\n#uc_uc_scroll_reveal_text_elementor_ebc1767 .uc_reveal_holder .uc_reveal-block {\n    background: #ffffff;\n}\n#uc_uc_scroll_reveal_text_elementor_ebc1767 .uc_reveal_holder .uc_reveal-block::before{\n  \tbackground: #41B38F;\n}\n\n<\/style>\n\n<section class=\"uc_scroll_reveal_text\" id=\"uc_uc_scroll_reveal_text_elementor_ebc1767\">\n    <div class=\"uc_reveal_holder\" data-aos=\"reveal-item\" >\n        <div class=\"uc_reveal-block top\" data-aos=\"reveal-top\" data-aos-delay=\"300\"\n             \t \n          \t data-aos-once=\"true\">\n          \t \t\n        <\/div>\n        <h2 class=\"ue_scroll_reveal_text_inside\"><span  class=\"uc_style_uc_scroll_reveal_text_elementor_title\" style=\"color:#114273;\">Entdecken Sie Kreta mit CretaCars \u2013 Den Rest \u00fcbernehmen wir<\/span><\/h2>\n    <\/div>\n<\/section>\n<!-- end Scroll Text Reveal -->\t\t\t\t<\/div>\n\t\t\t\t<\/div>\n\t\t\t\t<div class=\"elementor-element elementor-element-fdf4a28 elementor-widget elementor-widget-heading\" data-id=\"fdf4a28\" data-element_type=\"widget\" data-e-type=\"widget\" data-widget_type=\"heading.default\">\n\t\t\t\t<div class=\"elementor-widget-container\">\n\t\t\t\t\t<h3 class=\"elementor-heading-title elementor-size-default\">Von Heraklion aus hilft Ihnen CretaCars, jede Ecke der Insel mit Komfort, Sicherheit und einem echten L\u00e4cheln zu entdecken.<\/h3>\t\t\t\t<\/div>\n\t\t\t\t<\/div>\n\t\t\t\t<div class=\"elementor-element elementor-element-9506a11 elementor-widget elementor-widget-text-editor\" data-id=\"9506a11\" data-element_type=\"widget\" data-e-type=\"widget\" data-widget_type=\"text-editor.default\">\n\t\t\t\t<div class=\"elementor-widget-container\">\n\t\t\t\t\t\t\t\t\t<p data-start=\"25\" data-end=\"230\">CretaCars wurde in Gazi, Heraklion, geboren \u2013 inspiriert von unserer Liebe zu Kreta und unserem Wunsch, die Freiheit und Sch\u00f6nheit zu teilen, die man erlebt, wenn man diese Insel auf eigene Weise entdeckt.<\/p><p data-start=\"232\" data-end=\"431\">Wir sind mehr als nur eine Autovermietung. Wir sind ein Team von Einheimischen, die daran glauben, dass jede Fahrt ihre eigene Geschichte erz\u00e4hlt \u2013 und wir sind hier, um Ihre unvergesslich zu machen.<\/p><p data-start=\"433\" data-end=\"793\">Mit einer modernen und vielseitigen Fahrzeugflotte \u2013 von kompakten Stadtautos bis hin zu ger\u00e4umigen Familien-SUVs \u2013 bietet CretaCars das perfekte Fahrzeug f\u00fcr jede Art von Reisenden. Jedes Auto wird sorgf\u00e4ltig gewartet und ist bereit, Sie sicher zu den versteckten Sch\u00e4tzen, Bergd\u00f6rfern und atemberaubenden Str\u00e4nden zu bringen, die Kreta so einzigartig machen.<\/p><p data-start=\"795\" data-end=\"1010\">Bei CretaCars legen wir gro\u00dfen Wert auf echte Gastfreundschaft und pers\u00f6nlichen Service. Wir m\u00f6chten, dass Sie sich f\u00fchlen, als w\u00fcrden Sie mit einem lokalen Freund unterwegs sein \u2013 nicht einfach nur ein Auto mieten.<\/p><p data-start=\"1012\" data-end=\"1168\">F\u00fcr uns bedeutet ein Mietwagen mehr als nur Transport \u2013 es geht darum, Erinnerungen zu schaffen, frei zu entdecken und jeden Moment Ihrer Reise zu genie\u00dfen.<\/p><p data-start=\"1170\" data-end=\"1307\" data-is-last-node=\"\" data-is-only-node=\"\">Beginnen Sie Ihr Abenteuer in Heraklion und lassen Sie CretaCars zu Ihrem verl\u00e4sslichen Begleiter auf den Stra\u00dfen Kretas werden.<\/p>\t\t\t\t\t\t\t\t<\/div>\n\t\t\t\t<\/div>\n\t\t\t\t<div class=\"elementor-element elementor-element-002a97c elementor-mobile-align-center elementor-tablet-align-center elementor-widget elementor-widget-button\" data-id=\"002a97c\" data-element_type=\"widget\" data-e-type=\"widget\" data-widget_type=\"button.default\">\n\t\t\t\t<div class=\"elementor-widget-container\">\n\t\t\t\t\t\t\t\t\t<div class=\"elementor-button-wrapper\">\n\t\t\t\t\t<a class=\"elementor-button elementor-button-link elementor-size-sm\" href=\"https:\/\/cretacars.com\/de\/contact\/\">\n\t\t\t\t\t\t<span class=\"elementor-button-content-wrapper\">\n\t\t\t\t\t\t\t\t\t<span class=\"elementor-button-text\">Kontakt<\/span>\n\t\t\t\t\t<\/span>\n\t\t\t\t\t<\/a>\n\t\t\t\t<\/div>\n\t\t\t\t\t\t\t\t<\/div>\n\t\t\t\t<\/div>\n\t\t\t\t\t<\/div>\n\t\t<\/div>\n\t\t\t\t\t<\/div>\n\t\t<\/section>\n\t\t\t\t<\/div>\n\t\t","protected":false},"excerpt":{"rendered":"<p>\u00dcber uns Entdecken Sie Kreta mit CretaCars \u2013 Den Rest \u00fcbernehmen wir Von Heraklion aus hilft Ihnen CretaCars, jede Ecke der Insel mit Komfort, Sicherheit und einem echten L\u00e4cheln zu entdecken. CretaCars wurde in Gazi, Heraklion, geboren \u2013 inspiriert von unserer Liebe zu Kreta und unserem Wunsch, die Freiheit und Sch\u00f6nheit zu teilen, die man [&hellip;]<\/p>\n","protected":false},"author":3,"featured_media":0,"parent":0,"menu_order":0,"comment_status":"closed","ping_status":"closed","template":"","meta":{"site-sidebar-layout":"no-sidebar","site-content-layout":"page-builder","ast-site-content-layout":"default","site-content-style":"default","site-sidebar-style":"default","ast-global-header-display":"","ast-banner-title-visibility":"","ast-main-header-display":"","ast-hfb-above-header-display":"","ast-hfb-below-header-display":"","ast-hfb-mobile-header-display":"","site-post-title":"disabled","ast-breadcrumbs-content":"","ast-featured-img":"disabled","footer-sml-layout":"","ast-disable-related-posts":"","theme-transparent-header-meta":"enabled","adv-header-id-meta":"","stick-header-meta":"default","header-above-stick-meta":"","header-main-stick-meta":"","header-below-stick-meta":"","astra-migrate-meta-layouts":"set","ast-page-background-enabled":"default","ast-page-background-meta":{"desktop":{"background-color":"","background-image":"","background-repeat":"repeat","background-position":"center center","background-size":"auto","background-attachment":"scroll","background-type":"","background-media":"","overlay-type":"","overlay-color":"","overlay-opacity":"","overlay-gradient":""},"tablet":{"background-color":"","background-image":"","background-repeat":"repeat","background-position":"center center","background-size":"auto","background-attachment":"scroll","background-type":"","background-media":"","overlay-type":"","overlay-color":"","overlay-opacity":"","overlay-gradient":""},"mobile":{"background-color":"","background-image":"","background-repeat":"repeat","background-position":"center center","background-size":"auto","background-attachment":"scroll","background-type":"","background-media":"","overlay-type":"","overlay-color":"","overlay-opacity":"","overlay-gradient":""}},"ast-content-background-meta":{"desktop":{"background-color":"var(--ast-global-color-5)","background-image":"","background-repeat":"repeat","background-position":"center center","background-size":"auto","background-attachment":"scroll","background-type":"","background-media":"","overlay-type":"","overlay-color":"","overlay-opacity":"","overlay-gradient":""},"tablet":{"background-color":"var(--ast-global-color-5)","background-image":"","background-repeat":"repeat","background-position":"center center","background-size":"auto","background-attachment":"scroll","background-type":"","background-media":"","overlay-type":"","overlay-color":"","overlay-opacity":"","overlay-gradient":""},"mobile":{"background-color":"var(--ast-global-color-5)","background-image":"","background-repeat":"repeat","background-position":"center center","background-size":"auto","background-attachment":"scroll","background-type":"","background-media":"","overlay-type":"","overlay-color":"","overlay-opacity":"","overlay-gradient":""}},"footnotes":""},"class_list":["post-40410","page","type-page","status-publish","hentry"],"_links":{"self":[{"href":"https:\/\/cretacars.com\/de\/wp-json\/wp\/v2\/pages\/40410","targetHints":{"allow":["GET"]}}],"collection":[{"href":"https:\/\/cretacars.com\/de\/wp-json\/wp\/v2\/pages"}],"about":[{"href":"https:\/\/cretacars.com\/de\/wp-json\/wp\/v2\/types\/page"}],"author":[{"embeddable":true,"href":"https:\/\/cretacars.com\/de\/wp-json\/wp\/v2\/users\/3"}],"replies":[{"embeddable":true,"href":"https:\/\/cretacars.com\/de\/wp-json\/wp\/v2\/comments?post=40410"}],"version-history":[{"count":10,"href":"https:\/\/cretacars.com\/de\/wp-json\/wp\/v2\/pages\/40410\/revisions"}],"predecessor-version":[{"id":40424,"href":"https:\/\/cretacars.com\/de\/wp-json\/wp\/v2\/pages\/40410\/revisions\/40424"}],"wp:attachment":[{"href":"https:\/\/cretacars.com\/de\/wp-json\/wp\/v2\/media?parent=40410"}],"curies":[{"name":"wp","href":"https:\/\/api.w.org\/{rel}","templated":true}]}}