{"id":41404,"date":"2022-02-21T10:39:00","date_gmt":"2022-02-21T10:39:00","guid":{"rendered":"https:\/\/cretacars.com\/cookie-policy\/"},"modified":"2026-03-19T09:55:46","modified_gmt":"2026-03-19T09:55:46","slug":"cookie-policy","status":"publish","type":"page","link":"https:\/\/cretacars.com\/de\/cookie-policy\/","title":{"rendered":"Cookie-Richtlinie"},"content":{"rendered":"\t\t<div data-elementor-type=\"wp-post\" data-elementor-id=\"41404\" class=\"elementor elementor-41404 elementor-27124\" data-elementor-post-type=\"page\">\n\t\t\t\t\t\t<section class=\"has_eae_slider elementor-section elementor-top-section elementor-element elementor-element-c2a3bc8 elementor-section-boxed elementor-section-height-default elementor-section-height-default\" data-eae-slider=\"31627\" data-id=\"c2a3bc8\" data-element_type=\"section\" data-e-type=\"section\" data-settings=\"{&quot;background_background&quot;:&quot;classic&quot;}\">\n\t\t\t\t\t\t\t<div class=\"elementor-background-overlay\"><\/div>\n\t\t\t\t\t\t\t<div class=\"elementor-container elementor-column-gap-no\">\n\t\t\t\t\t<div class=\"has_eae_slider elementor-column elementor-col-100 elementor-top-column elementor-element elementor-element-26c71c5\" data-eae-slider=\"26597\" data-id=\"26c71c5\" data-element_type=\"column\" data-e-type=\"column\">\n\t\t\t<div class=\"elementor-widget-wrap elementor-element-populated\">\n\t\t\t\t\t\t<div class=\"elementor-element elementor-element-160f693 elementor-invisible elementor-widget elementor-widget-heading\" data-id=\"160f693\" data-element_type=\"widget\" data-e-type=\"widget\" data-settings=\"{&quot;_animation&quot;:&quot;zoomIn&quot;}\" data-widget_type=\"heading.default\">\n\t\t\t\t<div class=\"elementor-widget-container\">\n\t\t\t\t\t<h1 class=\"elementor-heading-title elementor-size-default\">Cookies-Richtlinien<\/h1>\t\t\t\t<\/div>\n\t\t\t\t<\/div>\n\t\t\t\t\t<\/div>\n\t\t<\/div>\n\t\t\t\t\t<\/div>\n\t\t<\/section>\n\t\t\t\t<section class=\"has_eae_slider elementor-section elementor-top-section elementor-element elementor-element-b87224d elementor-section-boxed elementor-section-height-default elementor-section-height-default\" data-eae-slider=\"24441\" data-id=\"b87224d\" data-element_type=\"section\" data-e-type=\"section\" data-settings=\"{&quot;background_background&quot;:&quot;classic&quot;}\">\n\t\t\t\t\t\t<div class=\"elementor-container elementor-column-gap-no\">\n\t\t\t\t\t<div class=\"has_eae_slider elementor-column elementor-col-100 elementor-top-column elementor-element elementor-element-ae7738f\" data-eae-slider=\"34919\" data-id=\"ae7738f\" data-element_type=\"column\" data-e-type=\"column\">\n\t\t\t<div class=\"elementor-widget-wrap elementor-element-populated\">\n\t\t\t\t\t\t<div class=\"elementor-element elementor-element-44ad8c9 elementor-widget elementor-widget-ucaddon_uc_scroll_reveal_text\" data-id=\"44ad8c9\" data-element_type=\"widget\" data-e-type=\"widget\" data-widget_type=\"ucaddon_uc_scroll_reveal_text.default\">\n\t\t\t\t<div class=\"elementor-widget-container\">\n\t\t\t\t\t\n<!-- start Scroll Text Reveal -->\n\t\t<link id='uc_ac_assets_file_aos_css_26053-css' href='https:\/\/cretacars.com\/wp-content\/uploads\/ac_assets\/uc_scroll_reveal_text\/aos.css' type='text\/css' rel='stylesheet' >\n\t\t<link id='uc_ac_assets_file_uc_scroll_reveal_text_css_3698-css' href='https:\/\/cretacars.com\/wp-content\/uploads\/ac_assets\/uc_scroll_reveal_text\/uc_scroll_reveal_text.css' type='text\/css' rel='stylesheet' >\n\n<style>\/* widget: Scroll Text Reveal *\/\n\n#uc_uc_scroll_reveal_text_elementor_44ad8c9.uc_scroll_reveal_text {\n    text-align: center;\n}\n#uc_uc_scroll_reveal_text_elementor_44ad8c9 .uc_reveal_holder .uc_reveal-block {\n    background: #ffffff;\n}\n#uc_uc_scroll_reveal_text_elementor_44ad8c9 .uc_reveal_holder .uc_reveal-block::before{\n  \tbackground: #41B38F;\n}\n\n<\/style>\n\n<section class=\"uc_scroll_reveal_text\" id=\"uc_uc_scroll_reveal_text_elementor_44ad8c9\">\n    <div class=\"uc_reveal_holder\" data-aos=\"reveal-item\" >\n        <div class=\"uc_reveal-block top\" data-aos=\"reveal-top\" data-aos-delay=\"300\"\n             \t \n          \t data-aos-once=\"true\">\n          \t \t\n        <\/div>\n        <h2 class=\"ue_scroll_reveal_text_inside\"><span  class=\"uc_style_uc_scroll_reveal_text_elementor_title\" style=\"color:#114273;\">Cookie-Information: Wie wir Ihr Erlebnis verbessern<\/span><\/h2>\n    <\/div>\n<\/section>\n<!-- end Scroll Text Reveal -->\t\t\t\t<\/div>\n\t\t\t\t<\/div>\n\t\t\t\t<div class=\"elementor-element elementor-element-87ad782 elementor-widget elementor-widget-text-editor\" data-id=\"87ad782\" data-element_type=\"widget\" data-e-type=\"widget\" data-widget_type=\"text-editor.default\">\n\t\t\t\t<div class=\"elementor-widget-container\">\n\t\t\t\t\t\t\t\t\t<p>Wir verwenden Cookies f\u00fcr den besseren Betrieb unserer Website. Informieren Sie sich \u00fcber Cookies und \u00fcber die Cookies-Richtlinien von unserer Website.<\/p>\t\t\t\t\t\t\t\t<\/div>\n\t\t\t\t<\/div>\n\t\t\t\t<section class=\"has_eae_slider elementor-section elementor-inner-section elementor-element elementor-element-2d069cc elementor-section-boxed elementor-section-height-default elementor-section-height-default\" data-eae-slider=\"14743\" data-id=\"2d069cc\" data-element_type=\"section\" data-e-type=\"section\">\n\t\t\t\t\t\t<div class=\"elementor-container elementor-column-gap-default\">\n\t\t\t\t\t<div class=\"has_eae_slider elementor-column elementor-col-100 elementor-inner-column elementor-element elementor-element-30a423f\" data-eae-slider=\"92483\" data-id=\"30a423f\" data-element_type=\"column\" data-e-type=\"column\">\n\t\t\t<div class=\"elementor-widget-wrap elementor-element-populated\">\n\t\t\t\t\t\t<div class=\"elementor-element elementor-element-63a0940 elementor-widget elementor-widget-text-editor\" data-id=\"63a0940\" data-element_type=\"widget\" data-e-type=\"widget\" data-widget_type=\"text-editor.default\">\n\t\t\t\t<div class=\"elementor-widget-container\">\n\t\t\t\t\t\t\t\t\t<p>Wir verwenden Cookies auf unserer Website, um Anmeldungen zu verwalten, personalisierte Websites bereitzustellen und Werbung und andere Inhalte an Ihre speziellen Bed\u00fcrfnisse und Interessen anzupassen. Cookies k\u00f6nnen auch verwendet werden, um anonyme, aggregierte Statistiken zu erstellen, an denen wir ablesen k\u00f6nnen, wie die \u00d6ffentlichkeit unsere Website nutzt, um deren Struktur und Inhalt zu verbessern. Wir k\u00f6nnen Ihre pers\u00f6nliche Identit\u00e4t anhand dieser Informationen nicht \u00fcberpr\u00fcfen. Sie k\u00f6nnen Ihre Browsereinstellungen so \u00e4ndern, dass einige oder alle Cookies mit Ausnahme der unbedingt erforderlichen abgelehnt werden. Sie sollten sich bewusst sein, dass einige Funktionen nur durch die Verwendung von Cookies verf\u00fcgbar sind. Wenn Sie Cookies deaktivieren, sind diese Funktionen m\u00f6glicherweise nicht verf\u00fcgbar.<\/p><p><strong>\u00a0<\/strong><\/p><p><strong>Was sind Cookies?<br \/><\/strong>&#8222;Cookies&#8220; sind kleine Teile von Dateien in Form von Text, die beim Besuch einer Website im Browser des Benutzers gespeichert werden. Die Informationen, die\u00a0 auf dem Computer des Benutzers gespeichert werden, k\u00f6nnen Informationen enthalten, wie z. B. welche Seiten der Benutzer besucht hat, Datum und Uhrzeit des Besuchs sowie eine zuf\u00e4llige und einmalige Benutzer-ID. Durch diese Nutzung kann\u00a0 die Internetseite\u00a0 n\u00fctzliche Informationen f\u00fcr den Benutzer speichern, der sie\u00a0 durchsucht, sowie diese Informationen lesen, um dem Benutzer ein besseres Surferlebnis zu bieten.<\/p><p>Es gibt zwei verschiedene Arten von Cookies: Session und Persistent. Sie werden f\u00fcr verschiedene Zwecke verwendet und enthalten unterschiedliche Informationen<\/p><p>Session-Cookies enthalten Informationen, die beim aktuellen Surfen Ihres Browsers verwendet werden. Diese Cookies werden automatisch gel\u00f6scht, wenn Sie Ihren Browser schlie\u00dfen. Nach dem Verlassen der Internetseite verbleibt nichts auf Ihrem Computer.<\/p><p>Persistent-Cookies werden verwendet, um Informationen zu speichern, die zwischen Besuchen verwendet werden. Anhand dieser Daten k\u00f6nnen die Websites erkennen, dass Sie ein Kunde sind, der erneut zur Website zur\u00fcckkehrt und entsprechend reagieren. Persistent-Cookies haben eine von der Website definierte Lebensdauer, die einige Minuten oder sogar mehrere Jahre betragen kann.<\/p><p><strong>Welche Cookies verwenden wir auf unserer Website?<br \/><\/strong>Die von uns verwendeten Cookies werden als &#8222;permanente Cookies&#8220; bezeichnet.<br \/>Permanente (persistent) Cookies werden als Dateien auf Ihrem Computer gespeichert und bleiben dort, wenn Sie den Browser schlie\u00dfen, es sei denn, Sie l\u00f6schen sie. Wir verwenden Cookies nicht, um Informationen \u00fcber Ihren Datenverkehr auf andere Websites zu extrahieren oder andere pers\u00f6nliche Informationen als die, die Sie uns freiwillig zur Verf\u00fcgung gestellt haben, zu \u00fcberpr\u00fcfen. Cookies besch\u00e4digen oder beeintr\u00e4chtigen Ihren Computer, Ihre Programme oder Dateien nicht.\u00a0 Auf\u00a0 jeden Fall erm\u00f6glichen Cookies dem Benutzer den besten Service und die beste Erfahrung, wenn er die Website des Unternehmens besucht, und wir empfehlen, diese zu aktivieren.<br \/>Auch wenn Sie die Verwendung nicht zulassen, k\u00f6nnen Sie die volle Funktionsf\u00e4higkeit unserer Website nutzen. Dann m\u00fcssen Sie jedoch bei\u00a0 jedem Besuch einige Ihrer Daten erneut eingeben. Wenn Sie die Verwendung von Cookies zulassen und einen gemeinsam genutzten Computer verwenden, melden Sie sich bitte am Ende Ihres Besuchs ab.<\/p><p><strong>Absolut notwendige Cookies<br \/><\/strong>Die unbedingt erforderlichen Cookies sind f\u00fcr das ordnungsgem\u00e4\u00dfe Funktionieren der Website unerl\u00e4sslich. Sie erm\u00f6glichen das Durchsuchen und Verwenden ihrer Funktionen, z.B. den Zugang zu sicheren Bereichen oder die Verwendung des Warenkorbs. Diese Cookies erkennen Ihre pers\u00f6nliche Identit\u00e4t nicht. Ohne diese Cookies k\u00f6nnen wir keinen effektiven Betrieb unserer Website anbieten.<\/p><p><strong>Leistungscookies<br \/><\/strong>Diese Cookies sammeln Informationen dar\u00fcber, wie Besucher die Website nutzen, beispielsweise welche Seiten sie am h\u00e4ufigsten besuchen und ob sie Fehlermeldungen von Websites erhalten. Diese Cookies sammeln aggregierte, anonyme Informationen, die keinen Besucher identifizieren. Sie werden ausschlie\u00dflich zur Verbesserung der Leistung einer Website verwendet.<\/p><p><strong>Cookies Dritter<br \/><\/strong>Diese Cookies werden von unseren Partnern in unserem Namen platziert. Mit diesen Cookies sammeln sie Daten \u00fcber die Leistung unserer Anzeigen und Ihre Interaktion mit unserer Website. Diese Daten k\u00f6nnen von mit uns zusammenarbeitenden\u00a0 Unternehmen verwendet werden, um statistische Schlussfolgerungen zu ziehen und um\u00a0 Ihr Werbeerlebnis als Besucher zu verbessern.<\/p><p><strong>Funktionscookies<br \/><\/strong>Diese Cookies erm\u00f6glichen es der Website, sich Benutzeroptionen wie Benutzername, Sprache oder Region zu merken, um verbesserte und personalisierte Funktionen bereitzustellen. Sie k\u00f6nnen auch verwendet werden, um vom Benutzer angeforderte Dienste bereitzustellen, z. B. das Anzeigen von Videos oder die Nutzung sozialer Medien. Die durch diese Cookies gesammelten Informationen,\u00a0 k\u00f6nnen\u00a0 anonym sein\u00a0 und es ist nicht m\u00f6glich, die Browsing-Aktivit\u00e4ten auf anderen Websites zu verfolgen. Wenn Sie diese Cookies nicht akzeptieren, kann dies die Leistung und Funktionalit\u00e4t der Website beeintr\u00e4chtigen und Ihr Zugriff auf deren Inhalt kann eingeschr\u00e4nkt sein.<\/p><p><strong>Analyse-Cookies<br \/><\/strong>Diese Cookies sammeln Informationen \u00fcber Ihr Surfverhalten auf unserer Website, z. B. welche Seiten unserer Website h\u00e4ufig besucht werden und ob Sie Fehlermeldungen erhalten. Dadurch k\u00f6nnen wir die Struktur, Navigation und den Inhalt der Website so freundlich wie m\u00f6glich f\u00fcr Sie gestalten. Wir verkn\u00fcpfen keine Statistiken und andere Berichtsdaten mit einzelnen Personen.<\/p><p>Wir verwenden diese Cookies f\u00fcr:<\/p><ul><li>Die Aufzeichnung der Anzahl der Besucher unserer Websites<\/li><li>Die Aufzeichnung der Dauer jedes Besuchs auf unseren Websites<\/li><li>Die Identifizierung der Reihenfolge \/ des Verlaufs, mit der Sie die verschiedenen Seiten unserer Website besuchen<\/li><li>Bewertung verschiedener Punkte der Website, die verbessert werden m\u00fcssen<\/li><li>Website-Optimierung<\/li><\/ul><p>Wir k\u00f6nnen Software wie GoogleAnalytics verwenden, um die Seitennutzung, Seiteninteraktionen und die\u00a0 Route, die Sie\u00a0 durch unsere Websites gehen,\u00a0 zu analysieren. Diese werden als &#8222;Websitemetrics&#8220; oder &#8222;Analytics&#8220; bezeichnet. GoogleAnalytics ist ein Online-Analysedienst, der von Google Inc. angeboten wird. (Google). GoogleAnalytics verwendet Cookies, um die Nutzung der Website durch Nutzer zu analysieren. Google verwendet aggregierte Statistiken, um unserem Unternehmen eine Vorstellung davon zu geben, wie Nutzer die Website nutzen.<\/p><p>Mithilfe von Webanalysecookies unserer Partner Google und Adobe k\u00f6nnen wir auch die Kundeninteraktion auf unserer Website verfolgen. Dies gibt uns wertvolle Informationen, mit denen wir die Website, Produkte und Dienstleistungen, die wir anbieten, verbessern k\u00f6nnen.<\/p><p>Google darf solche Informationen nur an Dritte weitergeben, wenn dies gesetzlich vorgeschrieben ist.<\/p><p><strong>Targeting \/ Werbe-Cookies<br \/><\/strong>Diese Cookies werden auf unserer Website verwendet, um Inhalte bereitzustellen, die am besten zu Ihnen und Ihren Interessen passen. Sie k\u00f6nnen verwendet werden, um gezielte Werbung \/ Angebote zu senden, die Ausstrahlung von Anzeigen zu begrenzen oder die Effektivit\u00e4t unserer Werbekampagne zu messen. Diese Cookies k\u00f6nnen verwendet werden, um sich an die von Ihnen besuchten Websites zu erinnern, um festzustellen, welche Online-Marketingkan\u00e4le am effektivsten sind, und um externe Websites und verbundene Unternehmen zu belohnen, die Sie an uns verwiesen haben.<\/p><p><strong>Benutzungsverwaltung <br \/><\/strong>Benutzungsverwaltungsprogramme werden auf unserer Website verwendet, um technische Probleme zu erkennen, die beim Surfen auf der Website auftreten k\u00f6nnen. Basierend auf den Informationen, die wir \u00fcber diese Programme sammeln, korrigieren wir technische Fehler und Probleme und verbessern st\u00e4ndig die auf der Website angebotenen Dienste, um den pers\u00f6nlichen Bed\u00fcrfnissen des Benutzers gerecht zu werden.<\/p><p><strong>Cookies f\u00fcr soziale Netzwerke <br \/><\/strong>Diese Cookies sind f\u00fcr die Verbindung Ihres Kontos\u00a0 sozialer Netzwerke mit unserer Website erforderlich. Zum Beispiel, um Ihnen zu erm\u00f6glichen, Informationen\u00a0 von unserer Website in sozialen Medien erneut zu ver\u00f6ffentlichen und mit Ihren Freunden zu teilen, oder um anzugeben, dass Sie unserer Social-Media-Seite folgen m\u00f6chten. F\u00fcr Ihre Navigation auf unserer Website sind keine Cookies f\u00fcr soziale Netzwerke erforderlich.<\/p><p><strong>Wie \u00fcberpr\u00fcfe ich Cookies?<br \/><\/strong>Es liegt in Ihrem Ermessen, Ihre Zustimmung jederzeit zu widerrufen oder der Verwendung von Cookies durch unsere Website auf Ihrem Computer oder Ger\u00e4t zu widersprechen sowie Cookies zu \u00fcberpr\u00fcfen und \/ oder zu l\u00f6schen.<\/p><p>Sie k\u00f6nnen Ihre pers\u00f6nlichen Einstellungen \u00e4ndern, indem Sie den verwendeten Browser entspechend einstellen und entweder nur bestimmte Arten von Cookies akzeptieren oder deren Verwendung verweigern<\/p><p>Sie k\u00f6nnen Cookies jederzeit von dem von Ihnen verwendeten Computer oder Ger\u00e4t l\u00f6schen, indem Sie Cookies l\u00f6schen anklicken, um sie aus dem Speicher des von Ihnen verwendeten Browsers zu l\u00f6schen<\/p><p>Sie k\u00f6nnen den von Ihnen verwendeten Browser auch so konfigurieren, dass er Sie entweder vor der Verwendung von Cookies in bestimmten Diensten der von Ihnen durchsuchten Websites warnt oder die Verwendung von Cookies in keinem Fall zul\u00e4sst.<\/p><p>\u00a0<\/p><p><strong>Was sind Ihre\u00a0 Rechte?<br \/><\/strong>Sie haben folgende Rechte:<\/p><ul><li>Zugriff auf Ihre Daten<\/li><li>Korrigieren oder l\u00f6schen Ihrer Daten<\/li><li>Portabilit\u00e4t Ihrer Daten<\/li><li>Beschr\u00e4nkung der Verarbeitung Ihrer Daten<\/li><li>Widerspruch gegen die Verarbeitung Ihrer Daten<\/li><li>Widerruf Ihrer Einwilligung zur Verwendung einiger oder aller Cookies und damit zur Verarbeitung Ihrer Daten.<\/li><\/ul><p>Um Ihre oben genannten Rechte in unserem Unternehmen auszu\u00fcben, k\u00f6nnen Sie Ihre Anfrage am Hauptsitz des Unternehmens unter der Postanschrift oder unter email einreichen. Weiterhin k\u00f6nnen Sie, falls Sie der Ansicht sind, dass die Verarbeitung Ihrer pers\u00f6nlichen Daten gegen geltendes Recht zum Datenschutz personenbezogener Daten verst\u00f6\u00dft, bei der Beh\u00f6rde f\u00fcr den Schutz personenbezogener Daten (Postanschrift:\u00a0 Kifissias 1-3, PLZ 115 23, Athen, Tel. 210. 6475600, E-Mail-Adresse contact@dpa.gr ) Beschwerde einreichen.<\/p><p>Wenn Sie uns bei Fragen im Zusammenhang mit der Verarbeitung Ihrer personenbezogenen Daten und der Aus\u00fcbung Ihrer Rechte kontaktieren m\u00f6chten, k\u00f6nnen Sie sich an den Datenschutzbeauftragten (DPO) per email.<\/p><p><strong>Wo finden Sie weitere Informationen zum Schutz personenbezogener Daten, die durch Cookies gesammelt werden?<br \/><\/strong>Informationen zum Schutz Ihrer pers\u00f6nlichen Daten, aber auch zu Ihren Rechten finden Sie in der Datenschutzerkl\u00e4rung.<\/p><p><strong>Wo finden Sie weitere Informationen zur allgemeinen Verwendung von Cookies?<br \/><\/strong>Weitere Informationen zur allgemeinen Verwendung von Cookies sowie zu den Methoden zum Blockieren oder Einschr\u00e4nken dieser Cookies finden Sie unter http:\/\/cookiepedia.co.uk\/all-about-cookies\u00a0 und http:\/\/www.allaboutcookies.org\/<\/p><p><strong>\u00c4nderungen an den Cookie-Richtlinien.<br \/><\/strong>Diese Cookie-Richtlinie kann jederzeit ge\u00e4ndert werden. Aus diesem Grund halten wir es f\u00fcr angemessen, regelm\u00e4\u00dfig auf diese Richtlinie zu verweisen. Die bestehenden Richtlinien\u00a0 traten am 22.11.2019 in Kraft. Im Falle einer \u00c4nderung wird das Datum angegeben, an dem diese stattgefunden hat. Die Cookie-Richtlinie gilt immer, wie in der letzten \u00c4nderung formuliert, als g\u00fcltig.<\/p><p>\u00a0<\/p><p>\u00a0<\/p><p>\u00a0<\/p>\t\t\t\t\t\t\t\t<\/div>\n\t\t\t\t<\/div>\n\t\t\t\t\t<\/div>\n\t\t<\/div>\n\t\t\t\t\t<\/div>\n\t\t<\/section>\n\t\t\t\t\t<\/div>\n\t\t<\/div>\n\t\t\t\t\t<\/div>\n\t\t<\/section>\n\t\t\t\t<\/div>\n\t\t","protected":false},"excerpt":{"rendered":"<p>Cookies-Richtlinien Cookie-Information: Wie wir Ihr Erlebnis verbessern Wir verwenden Cookies f\u00fcr den besseren Betrieb unserer Website. Informieren Sie sich \u00fcber Cookies und \u00fcber die Cookies-Richtlinien von unserer Website. Wir verwenden Cookies auf unserer Website, um Anmeldungen zu verwalten, personalisierte Websites bereitzustellen und Werbung und andere Inhalte an Ihre speziellen Bed\u00fcrfnisse und Interessen anzupassen. Cookies k\u00f6nnen [&hellip;]<\/p>\n","protected":false},"author":3,"featured_media":0,"parent":0,"menu_order":0,"comment_status":"closed","ping_status":"closed","template":"","meta":{"site-sidebar-layout":"no-sidebar","site-content-layout":"page-builder","ast-site-content-layout":"default","site-content-style":"default","site-sidebar-style":"default","ast-global-header-display":"","ast-banner-title-visibility":"","ast-main-header-display":"","ast-hfb-above-header-display":"","ast-hfb-below-header-display":"","ast-hfb-mobile-header-display":"","site-post-title":"disabled","ast-breadcrumbs-content":"","ast-featured-img":"disabled","footer-sml-layout":"","ast-disable-related-posts":"","theme-transparent-header-meta":"enabled","adv-header-id-meta":"","stick-header-meta":"default","header-above-stick-meta":"","header-main-stick-meta":"","header-below-stick-meta":"","astra-migrate-meta-layouts":"set","ast-page-background-enabled":"default","ast-page-background-meta":{"desktop":{"background-color":"","background-image":"","background-repeat":"repeat","background-position":"center center","background-size":"auto","background-attachment":"scroll","background-type":"","background-media":"","overlay-type":"","overlay-color":"","overlay-opacity":"","overlay-gradient":""},"tablet":{"background-color":"","background-image":"","background-repeat":"repeat","background-position":"center center","background-size":"auto","background-attachment":"scroll","background-type":"","background-media":"","overlay-type":"","overlay-color":"","overlay-opacity":"","overlay-gradient":""},"mobile":{"background-color":"","background-image":"","background-repeat":"repeat","background-position":"center center","background-size":"auto","background-attachment":"scroll","background-type":"","background-media":"","overlay-type":"","overlay-color":"","overlay-opacity":"","overlay-gradient":""}},"ast-content-background-meta":{"desktop":{"background-color":"var(--ast-global-color-5)","background-image":"","background-repeat":"repeat","background-position":"center center","background-size":"auto","background-attachment":"scroll","background-type":"","background-media":"","overlay-type":"","overlay-color":"","overlay-opacity":"","overlay-gradient":""},"tablet":{"background-color":"var(--ast-global-color-5)","background-image":"","background-repeat":"repeat","background-position":"center center","background-size":"auto","background-attachment":"scroll","background-type":"","background-media":"","overlay-type":"","overlay-color":"","overlay-opacity":"","overlay-gradient":""},"mobile":{"background-color":"var(--ast-global-color-5)","background-image":"","background-repeat":"repeat","background-position":"center center","background-size":"auto","background-attachment":"scroll","background-type":"","background-media":"","overlay-type":"","overlay-color":"","overlay-opacity":"","overlay-gradient":""}},"footnotes":""},"class_list":["post-41404","page","type-page","status-publish","hentry"],"_links":{"self":[{"href":"https:\/\/cretacars.com\/de\/wp-json\/wp\/v2\/pages\/41404","targetHints":{"allow":["GET"]}}],"collection":[{"href":"https:\/\/cretacars.com\/de\/wp-json\/wp\/v2\/pages"}],"about":[{"href":"https:\/\/cretacars.com\/de\/wp-json\/wp\/v2\/types\/page"}],"author":[{"embeddable":true,"href":"https:\/\/cretacars.com\/de\/wp-json\/wp\/v2\/users\/3"}],"replies":[{"embeddable":true,"href":"https:\/\/cretacars.com\/de\/wp-json\/wp\/v2\/comments?post=41404"}],"version-history":[{"count":17,"href":"https:\/\/cretacars.com\/de\/wp-json\/wp\/v2\/pages\/41404\/revisions"}],"predecessor-version":[{"id":41423,"href":"https:\/\/cretacars.com\/de\/wp-json\/wp\/v2\/pages\/41404\/revisions\/41423"}],"wp:attachment":[{"href":"https:\/\/cretacars.com\/de\/wp-json\/wp\/v2\/media?parent=41404"}],"curies":[{"name":"wp","href":"https:\/\/api.w.org\/{rel}","templated":true}]}}