{"id":40961,"date":"2023-02-14T11:52:26","date_gmt":"2023-02-14T11:52:26","guid":{"rendered":"https:\/\/cretacars.com\/about-us\/"},"modified":"2026-03-18T09:36:25","modified_gmt":"2026-03-18T09:36:25","slug":"about-us","status":"publish","type":"page","link":"https:\/\/cretacars.com\/fr\/about-us\/","title":{"rendered":"\u00c0 propos de nous"},"content":{"rendered":"\t\t<div data-elementor-type=\"wp-post\" data-elementor-id=\"40961\" class=\"elementor elementor-40961 elementor-31520\" data-elementor-post-type=\"page\">\n\t\t\t\t\t\t<section class=\"has_eae_slider elementor-section elementor-top-section elementor-element elementor-element-1f0acdd elementor-section-boxed elementor-section-height-default elementor-section-height-default\" data-eae-slider=\"57259\" data-id=\"1f0acdd\" data-element_type=\"section\" data-e-type=\"section\" data-settings=\"{&quot;background_background&quot;:&quot;classic&quot;}\">\n\t\t\t\t\t\t\t<div class=\"elementor-background-overlay\"><\/div>\n\t\t\t\t\t\t\t<div class=\"elementor-container elementor-column-gap-no\">\n\t\t\t\t\t<div class=\"has_eae_slider elementor-column elementor-col-100 elementor-top-column elementor-element elementor-element-ed733f4\" data-eae-slider=\"73890\" data-id=\"ed733f4\" data-element_type=\"column\" data-e-type=\"column\" data-settings=\"{&quot;animation_tablet&quot;:&quot;zoomIn&quot;}\">\n\t\t\t<div class=\"elementor-widget-wrap elementor-element-populated\">\n\t\t\t\t\t\t<div class=\"elementor-element elementor-element-a7cb29f elementor-invisible elementor-widget elementor-widget-heading\" data-id=\"a7cb29f\" data-element_type=\"widget\" data-e-type=\"widget\" data-settings=\"{&quot;_animation&quot;:&quot;zoomIn&quot;}\" data-widget_type=\"heading.default\">\n\t\t\t\t<div class=\"elementor-widget-container\">\n\t\t\t\t\t<h1 class=\"elementor-heading-title elementor-size-default\">\u00c0 propos de nous<\/h1>\t\t\t\t<\/div>\n\t\t\t\t<\/div>\n\t\t\t\t\t<\/div>\n\t\t<\/div>\n\t\t\t\t\t<\/div>\n\t\t<\/section>\n\t\t\t\t<section class=\"has_eae_slider elementor-section elementor-top-section elementor-element elementor-element-yb9kunf elementor-section-content-middle elementor-reverse-tablet elementor-reverse-mobile elementor-section-boxed elementor-section-height-default elementor-section-height-default\" data-eae-slider=\"44753\" data-id=\"yb9kunf\" data-element_type=\"section\" data-e-type=\"section\" data-settings=\"{&quot;background_background&quot;:&quot;classic&quot;}\">\n\t\t\t\t\t\t\t<div class=\"elementor-background-overlay\"><\/div>\n\t\t\t\t\t\t\t<div class=\"elementor-container elementor-column-gap-no\">\n\t\t\t\t\t<div class=\"has_eae_slider elementor-column elementor-col-50 elementor-top-column elementor-element elementor-element-7c4d4fc\" data-eae-slider=\"19882\" data-id=\"7c4d4fc\" data-element_type=\"column\" data-e-type=\"column\" data-settings=\"{&quot;background_background&quot;:&quot;classic&quot;}\">\n\t\t\t<div class=\"elementor-widget-wrap elementor-element-populated\">\n\t\t\t\t\t<div class=\"elementor-background-overlay\"><\/div>\n\t\t\t\t\t\t<div class=\"elementor-element elementor-element-f71383f elementor-widget elementor-widget-image\" data-id=\"f71383f\" data-element_type=\"widget\" data-e-type=\"widget\" data-widget_type=\"image.default\">\n\t\t\t\t<div class=\"elementor-widget-container\">\n\t\t\t\t\t\t\t\t\t\t\t\t\t\t\t<img fetchpriority=\"high\" decoding=\"async\" width=\"480\" height=\"620\" src=\"https:\/\/cretacars.com\/wp-content\/uploads\/2025\/10\/gray-car-bumper-vertical.jpg\" class=\"attachment-full size-full wp-image-40964\" alt=\"Pare-chocs de voiture gris\" srcset=\"https:\/\/cretacars.com\/wp-content\/uploads\/2025\/10\/gray-car-bumper-vertical.jpg 480w, https:\/\/cretacars.com\/wp-content\/uploads\/2025\/10\/gray-car-bumper-vertical-232x300.jpg 232w\" sizes=\"(max-width: 480px) 100vw, 480px\" \/>\t\t\t\t\t\t\t\t\t\t\t\t\t\t\t<\/div>\n\t\t\t\t<\/div>\n\t\t\t\t\t<\/div>\n\t\t<\/div>\n\t\t\t\t<div class=\"has_eae_slider elementor-column elementor-col-50 elementor-top-column elementor-element elementor-element-6f6465c\" data-eae-slider=\"25923\" data-id=\"6f6465c\" data-element_type=\"column\" data-e-type=\"column\" data-settings=\"{&quot;background_background&quot;:&quot;classic&quot;}\">\n\t\t\t<div class=\"elementor-widget-wrap elementor-element-populated\">\n\t\t\t\t\t\t<div class=\"elementor-element elementor-element-ebc1767 elementor-widget elementor-widget-ucaddon_uc_scroll_reveal_text\" data-id=\"ebc1767\" data-element_type=\"widget\" data-e-type=\"widget\" data-widget_type=\"ucaddon_uc_scroll_reveal_text.default\">\n\t\t\t\t<div class=\"elementor-widget-container\">\n\t\t\t\t\t\n<!-- start Scroll Text Reveal -->\n\t\t<link id='uc_ac_assets_file_aos_css_26053-css' href='https:\/\/cretacars.com\/wp-content\/uploads\/ac_assets\/uc_scroll_reveal_text\/aos.css' type='text\/css' rel='stylesheet' >\n\t\t<link id='uc_ac_assets_file_uc_scroll_reveal_text_css_3698-css' href='https:\/\/cretacars.com\/wp-content\/uploads\/ac_assets\/uc_scroll_reveal_text\/uc_scroll_reveal_text.css' type='text\/css' rel='stylesheet' >\n\n<style>\/* widget: Scroll Text Reveal *\/\n\n#uc_uc_scroll_reveal_text_elementor_ebc1767.uc_scroll_reveal_text {\n    text-align: center;\n}\n#uc_uc_scroll_reveal_text_elementor_ebc1767 .uc_reveal_holder .uc_reveal-block {\n    background: #ffffff;\n}\n#uc_uc_scroll_reveal_text_elementor_ebc1767 .uc_reveal_holder .uc_reveal-block::before{\n  \tbackground: #41B38F;\n}\n\n<\/style>\n\n<section class=\"uc_scroll_reveal_text\" id=\"uc_uc_scroll_reveal_text_elementor_ebc1767\">\n    <div class=\"uc_reveal_holder\" data-aos=\"reveal-item\" >\n        <div class=\"uc_reveal-block top\" data-aos=\"reveal-top\" data-aos-delay=\"300\"\n             \t \n          \t data-aos-once=\"true\">\n          \t \t\n        <\/div>\n        <h2 class=\"ue_scroll_reveal_text_inside\"><span  class=\"uc_style_uc_scroll_reveal_text_elementor_title\" style=\"color:#114273;\">Explorez la Cr\u00e8te avec CretaCars \u2013 Nous nous occupons du reste<\/span><\/h2>\n    <\/div>\n<\/section>\n<!-- end Scroll Text Reveal -->\t\t\t\t<\/div>\n\t\t\t\t<\/div>\n\t\t\t\t<div class=\"elementor-element elementor-element-fdf4a28 elementor-widget elementor-widget-heading\" data-id=\"fdf4a28\" data-element_type=\"widget\" data-e-type=\"widget\" data-widget_type=\"heading.default\">\n\t\t\t\t<div class=\"elementor-widget-container\">\n\t\t\t\t\t<h3 class=\"elementor-heading-title elementor-size-default\">Depuis H\u00e9raklion, CretaCars vous aide \u00e0 d\u00e9couvrir chaque recoin de l\u2019\u00eele avec confort, s\u00e9curit\u00e9 et un vrai sourire.<\/h3>\t\t\t\t<\/div>\n\t\t\t\t<\/div>\n\t\t\t\t<div class=\"elementor-element elementor-element-9506a11 elementor-widget elementor-widget-text-editor\" data-id=\"9506a11\" data-element_type=\"widget\" data-e-type=\"widget\" data-widget_type=\"text-editor.default\">\n\t\t\t\t<div class=\"elementor-widget-container\">\n\t\t\t\t\t\t\t\t\t<p data-start=\"0\" data-end=\"378\"><strong>CretaCars<\/strong> est n\u00e9e \u00e0 Gazi, H\u00e9raklion, inspir\u00e9e par notre amour pour la Cr\u00e8te et notre d\u00e9sir de partager la libert\u00e9 et la beaut\u00e9 de d\u00e9couvrir cette \u00eele \u00e0 votre rythme.<br data-start=\"181\" data-end=\"184\" \/>Bien plus qu\u2019une simple soci\u00e9t\u00e9 de location de voitures, nous sommes une \u00e9quipe de locaux qui croit que chaque trajet raconte une histoire \u2013 et nous sommes l\u00e0 pour rendre la v\u00f4tre inoubliable.<\/p><p data-start=\"380\" data-end=\"755\">Avec une flotte moderne et diversifi\u00e9e \u2013 des petites voitures de ville aux spacieux SUV familiaux \u2013 <strong>CretaCars<\/strong> propose le v\u00e9hicule parfait pour chaque type de voyageur. Chaque voiture est soigneusement entretenue et pr\u00eate \u00e0 vous conduire en toute s\u00e9curit\u00e9 \u00e0 travers les tr\u00e9sors cach\u00e9s, les villages de montagne et les plages magnifiques qui rendent la Cr\u00e8te vraiment unique.<\/p><p data-start=\"757\" data-end=\"1122\">Chez <strong>CretaCars<\/strong>, nous valorisons l\u2019hospitalit\u00e9 authentique et le service personnalis\u00e9. Nous voulons que vous ayez l\u2019impression de conduire avec un ami local, et pas seulement de louer une voiture.<br data-start=\"952\" data-end=\"955\" \/>Pour nous, louer une voiture n\u2019est pas seulement un moyen de transport \u2013 c\u2019est cr\u00e9er des souvenirs, explorer librement et profiter de chaque instant de votre voyage.<\/p><p data-start=\"1124\" data-end=\"1246\">Commencez votre aventure \u00e0 H\u00e9raklion, et laissez <strong>CretaCars<\/strong> \u00eatre votre compagnon de confiance sur les routes de Cr\u00e8te.<\/p>\t\t\t\t\t\t\t\t<\/div>\n\t\t\t\t<\/div>\n\t\t\t\t<div class=\"elementor-element elementor-element-002a97c elementor-mobile-align-center elementor-tablet-align-center elementor-widget elementor-widget-button\" data-id=\"002a97c\" data-element_type=\"widget\" data-e-type=\"widget\" data-widget_type=\"button.default\">\n\t\t\t\t<div class=\"elementor-widget-container\">\n\t\t\t\t\t\t\t\t\t<div class=\"elementor-button-wrapper\">\n\t\t\t\t\t<a class=\"elementor-button elementor-button-link elementor-size-sm\" href=\"https:\/\/cretacars.com\/fr\/contact\/\">\n\t\t\t\t\t\t<span class=\"elementor-button-content-wrapper\">\n\t\t\t\t\t\t\t\t\t<span class=\"elementor-button-text\">Contactez-nous<\/span>\n\t\t\t\t\t<\/span>\n\t\t\t\t\t<\/a>\n\t\t\t\t<\/div>\n\t\t\t\t\t\t\t\t<\/div>\n\t\t\t\t<\/div>\n\t\t\t\t\t<\/div>\n\t\t<\/div>\n\t\t\t\t\t<\/div>\n\t\t<\/section>\n\t\t\t\t<\/div>\n\t\t","protected":false},"excerpt":{"rendered":"<p>\u00c0 propos de nous Explorez la Cr\u00e8te avec CretaCars \u2013 Nous nous occupons du reste Depuis H\u00e9raklion, CretaCars vous aide \u00e0 d\u00e9couvrir chaque recoin de l\u2019\u00eele avec confort, s\u00e9curit\u00e9 et un vrai sourire. CretaCars est n\u00e9e \u00e0 Gazi, H\u00e9raklion, inspir\u00e9e par notre amour pour la Cr\u00e8te et notre d\u00e9sir de partager la libert\u00e9 et la [&hellip;]<\/p>\n","protected":false},"author":3,"featured_media":0,"parent":0,"menu_order":0,"comment_status":"closed","ping_status":"closed","template":"","meta":{"site-sidebar-layout":"no-sidebar","site-content-layout":"page-builder","ast-site-content-layout":"default","site-content-style":"default","site-sidebar-style":"default","ast-global-header-display":"","ast-banner-title-visibility":"","ast-main-header-display":"","ast-hfb-above-header-display":"","ast-hfb-below-header-display":"","ast-hfb-mobile-header-display":"","site-post-title":"disabled","ast-breadcrumbs-content":"","ast-featured-img":"disabled","footer-sml-layout":"","ast-disable-related-posts":"","theme-transparent-header-meta":"enabled","adv-header-id-meta":"","stick-header-meta":"default","header-above-stick-meta":"","header-main-stick-meta":"","header-below-stick-meta":"","astra-migrate-meta-layouts":"set","ast-page-background-enabled":"default","ast-page-background-meta":{"desktop":{"background-color":"","background-image":"","background-repeat":"repeat","background-position":"center center","background-size":"auto","background-attachment":"scroll","background-type":"","background-media":"","overlay-type":"","overlay-color":"","overlay-opacity":"","overlay-gradient":""},"tablet":{"background-color":"","background-image":"","background-repeat":"repeat","background-position":"center center","background-size":"auto","background-attachment":"scroll","background-type":"","background-media":"","overlay-type":"","overlay-color":"","overlay-opacity":"","overlay-gradient":""},"mobile":{"background-color":"","background-image":"","background-repeat":"repeat","background-position":"center center","background-size":"auto","background-attachment":"scroll","background-type":"","background-media":"","overlay-type":"","overlay-color":"","overlay-opacity":"","overlay-gradient":""}},"ast-content-background-meta":{"desktop":{"background-color":"var(--ast-global-color-5)","background-image":"","background-repeat":"repeat","background-position":"center center","background-size":"auto","background-attachment":"scroll","background-type":"","background-media":"","overlay-type":"","overlay-color":"","overlay-opacity":"","overlay-gradient":""},"tablet":{"background-color":"var(--ast-global-color-5)","background-image":"","background-repeat":"repeat","background-position":"center center","background-size":"auto","background-attachment":"scroll","background-type":"","background-media":"","overlay-type":"","overlay-color":"","overlay-opacity":"","overlay-gradient":""},"mobile":{"background-color":"var(--ast-global-color-5)","background-image":"","background-repeat":"repeat","background-position":"center center","background-size":"auto","background-attachment":"scroll","background-type":"","background-media":"","overlay-type":"","overlay-color":"","overlay-opacity":"","overlay-gradient":""}},"footnotes":""},"class_list":["post-40961","page","type-page","status-publish","hentry"],"_links":{"self":[{"href":"https:\/\/cretacars.com\/fr\/wp-json\/wp\/v2\/pages\/40961","targetHints":{"allow":["GET"]}}],"collection":[{"href":"https:\/\/cretacars.com\/fr\/wp-json\/wp\/v2\/pages"}],"about":[{"href":"https:\/\/cretacars.com\/fr\/wp-json\/wp\/v2\/types\/page"}],"author":[{"embeddable":true,"href":"https:\/\/cretacars.com\/fr\/wp-json\/wp\/v2\/users\/3"}],"replies":[{"embeddable":true,"href":"https:\/\/cretacars.com\/fr\/wp-json\/wp\/v2\/comments?post=40961"}],"version-history":[{"count":23,"href":"https:\/\/cretacars.com\/fr\/wp-json\/wp\/v2\/pages\/40961\/revisions"}],"predecessor-version":[{"id":41342,"href":"https:\/\/cretacars.com\/fr\/wp-json\/wp\/v2\/pages\/40961\/revisions\/41342"}],"wp:attachment":[{"href":"https:\/\/cretacars.com\/fr\/wp-json\/wp\/v2\/media?parent=40961"}],"curies":[{"name":"wp","href":"https:\/\/api.w.org\/{rel}","templated":true}]}}