{"id":41110,"date":"2017-09-14T10:44:01","date_gmt":"2017-09-14T10:44:01","guid":{"rendered":"https:\/\/cretacars.com\/rental-terms\/"},"modified":"2026-03-18T09:46:16","modified_gmt":"2026-03-18T09:46:16","slug":"rental-terms","status":"publish","type":"page","link":"https:\/\/cretacars.com\/fr\/rental-terms\/","title":{"rendered":"Conditions de location"},"content":{"rendered":"\t\t<div data-elementor-type=\"wp-post\" data-elementor-id=\"41110\" class=\"elementor elementor-41110 elementor-25074\" data-elementor-post-type=\"page\">\n\t\t\t\t\t\t<section class=\"has_eae_slider elementor-section elementor-top-section elementor-element elementor-element-6a80d31 elementor-section-boxed elementor-section-height-default elementor-section-height-default\" data-eae-slider=\"76647\" data-id=\"6a80d31\" data-element_type=\"section\" data-e-type=\"section\" data-settings=\"{&quot;background_background&quot;:&quot;classic&quot;}\">\n\t\t\t\t\t\t\t<div class=\"elementor-background-overlay\"><\/div>\n\t\t\t\t\t\t\t<div class=\"elementor-container elementor-column-gap-no\">\n\t\t\t\t\t<div class=\"has_eae_slider elementor-column elementor-col-100 elementor-top-column elementor-element elementor-element-61357e8\" data-eae-slider=\"78921\" data-id=\"61357e8\" data-element_type=\"column\" data-e-type=\"column\">\n\t\t\t<div class=\"elementor-widget-wrap elementor-element-populated\">\n\t\t\t\t\t\t<div class=\"elementor-element elementor-element-7f6f690 elementor-invisible elementor-widget elementor-widget-heading\" data-id=\"7f6f690\" data-element_type=\"widget\" data-e-type=\"widget\" data-settings=\"{&quot;_animation&quot;:&quot;zoomIn&quot;}\" data-widget_type=\"heading.default\">\n\t\t\t\t<div class=\"elementor-widget-container\">\n\t\t\t\t\t<h1 class=\"elementor-heading-title elementor-size-default\">Conditions de location<\/h1>\t\t\t\t<\/div>\n\t\t\t\t<\/div>\n\t\t\t\t\t<\/div>\n\t\t<\/div>\n\t\t\t\t\t<\/div>\n\t\t<\/section>\n\t\t\t\t<section class=\"has_eae_slider elementor-section elementor-top-section elementor-element elementor-element-8a79e46 elementor-section-boxed elementor-section-height-default elementor-section-height-default\" data-eae-slider=\"71607\" data-id=\"8a79e46\" data-element_type=\"section\" data-e-type=\"section\" data-settings=\"{&quot;background_background&quot;:&quot;classic&quot;}\">\n\t\t\t\t\t\t<div class=\"elementor-container elementor-column-gap-no\">\n\t\t\t\t\t<div class=\"has_eae_slider elementor-column elementor-col-100 elementor-top-column elementor-element elementor-element-f819d5f\" data-eae-slider=\"67273\" data-id=\"f819d5f\" data-element_type=\"column\" data-e-type=\"column\">\n\t\t\t<div class=\"elementor-widget-wrap elementor-element-populated\">\n\t\t\t\t\t\t<div class=\"elementor-element elementor-element-12da3a1 elementor-widget elementor-widget-ucaddon_uc_scroll_reveal_text\" data-id=\"12da3a1\" data-element_type=\"widget\" data-e-type=\"widget\" data-widget_type=\"ucaddon_uc_scroll_reveal_text.default\">\n\t\t\t\t<div class=\"elementor-widget-container\">\n\t\t\t\t\t\n<!-- start Scroll Text Reveal -->\n\t\t<link id='uc_ac_assets_file_aos_css_26053-css' href='https:\/\/cretacars.com\/wp-content\/uploads\/ac_assets\/uc_scroll_reveal_text\/aos.css' type='text\/css' rel='stylesheet' >\n\t\t<link id='uc_ac_assets_file_uc_scroll_reveal_text_css_3698-css' href='https:\/\/cretacars.com\/wp-content\/uploads\/ac_assets\/uc_scroll_reveal_text\/uc_scroll_reveal_text.css' type='text\/css' rel='stylesheet' >\n\n<style>\/* widget: Scroll Text Reveal *\/\n\n#uc_uc_scroll_reveal_text_elementor_12da3a1.uc_scroll_reveal_text {\n    text-align: center;\n}\n#uc_uc_scroll_reveal_text_elementor_12da3a1 .uc_reveal_holder .uc_reveal-block {\n    background: #ffffff;\n}\n#uc_uc_scroll_reveal_text_elementor_12da3a1 .uc_reveal_holder .uc_reveal-block::before{\n  \tbackground: #41B38F;\n}\n\n<\/style>\n\n<section class=\"uc_scroll_reveal_text\" id=\"uc_uc_scroll_reveal_text_elementor_12da3a1\">\n    <div class=\"uc_reveal_holder\" data-aos=\"reveal-item\" >\n        <div class=\"uc_reveal-block top\" data-aos=\"reveal-top\" data-aos-delay=\"300\"\n             \t \n          \t data-aos-once=\"true\">\n          \t \t\n        <\/div>\n        <h2 class=\"ue_scroll_reveal_text_inside\"><span  class=\"uc_style_uc_scroll_reveal_text_elementor_title\" style=\"color:#114273;\">La location rendue simple et claire<\/span><\/h2>\n    <\/div>\n<\/section>\n<!-- end Scroll Text Reveal -->\t\t\t\t<\/div>\n\t\t\t\t<\/div>\n\t\t\t\t<div class=\"elementor-element elementor-element-e70203d elementor-widget elementor-widget-text-editor\" data-id=\"e70203d\" data-element_type=\"widget\" data-e-type=\"widget\" data-widget_type=\"text-editor.default\">\n\t\t\t\t<div class=\"elementor-widget-container\">\n\t\t\t\t\t\t\t\t\t<p>D\u00e9couvrez toutes les r\u00e8gles justes et simples qui r\u00e9gissent votre location avec CretaCars. Nous valorisons la confiance et voulons que vous soyez pleinement inform\u00e9 avant de prendre la route.<\/p>\t\t\t\t\t\t\t\t<\/div>\n\t\t\t\t<\/div>\n\t\t\t\t<div class=\"elementor-element elementor-element-b9d8cb2 elementor-widget elementor-widget-text-editor\" data-id=\"b9d8cb2\" data-element_type=\"widget\" data-e-type=\"widget\" data-widget_type=\"text-editor.default\">\n\t\t\t\t<div class=\"elementor-widget-container\">\n\t\t\t\t\t\t\t\t\t<h6 data-section-id=\"1bo4i3g\" data-start=\"158\" data-end=\"180\">Nos prix incluent :<\/h6><p data-start=\"184\" data-end=\"247\">Assurance compl\u00e8te 100 % (FDW) avec franchise z\u00e9ro couvrant :<\/p><ul data-start=\"182\" data-end=\"724\"><li style=\"list-style-type: none;\"><ul data-start=\"250\" data-end=\"422\"><li data-section-id=\"1ux0hyb\" data-start=\"250\" data-end=\"291\"><p data-start=\"252\" data-end=\"291\">Assurance responsabilit\u00e9 civile (TPI)<\/p><\/li><li data-section-id=\"169wizj\" data-start=\"294\" data-end=\"332\"><p data-start=\"296\" data-end=\"332\">Assurance accident personnel (PAI)<\/p><\/li><li data-section-id=\"pebiyf\" data-start=\"335\" data-end=\"362\"><p data-start=\"337\" data-end=\"362\">Assurance incendie (FP)<\/p><\/li><li data-section-id=\"wa21fb\" data-start=\"365\" data-end=\"387\"><p data-start=\"367\" data-end=\"387\">Assurance vol (TP)<\/p><\/li><li data-section-id=\"f7t9v3\" data-start=\"390\" data-end=\"422\"><p data-start=\"392\" data-end=\"422\">Assurance bris de glace (GI)<\/p><\/li><\/ul><\/li><li data-section-id=\"16ohwvg\" data-start=\"423\" data-end=\"509\"><p data-start=\"425\" data-end=\"509\">Service gratuit de prise en charge et de restitution dans tous les lieux desservis<\/p><\/li><li data-section-id=\"1ia01fb\" data-start=\"510\" data-end=\"578\"><p data-start=\"512\" data-end=\"578\">Remplacement du v\u00e9hicule (selon disponibilit\u00e9) en cas de dommage<\/p><\/li><li data-section-id=\"au6wfr\" data-start=\"579\" data-end=\"617\"><p data-start=\"581\" data-end=\"617\">Assistance routi\u00e8re 24h\/24 et 7j\/7<\/p><\/li><li data-section-id=\"1ckyg41\" data-start=\"618\" data-end=\"642\"><p data-start=\"620\" data-end=\"642\">Kilom\u00e9trage illimit\u00e9<\/p><\/li><li data-section-id=\"1cal1ke\" data-start=\"643\" data-end=\"661\"><p data-start=\"645\" data-end=\"661\">Si\u00e8ges enfants<\/p><\/li><li data-section-id=\"8atxt2\" data-start=\"662\" data-end=\"695\"><p data-start=\"664\" data-end=\"695\">1er conducteur suppl\u00e9mentaire<\/p><\/li><li data-section-id=\"40dme2\" data-start=\"696\" data-end=\"724\"><p data-start=\"698\" data-end=\"724\">Toutes les taxes et la TVA<\/p><\/li><\/ul><h6 data-section-id=\"1ep92wi\" data-start=\"731\" data-end=\"751\">\u00c2ge du conducteur<\/h6><p data-start=\"753\" data-end=\"1003\">Les conducteurs doivent \u00eatre \u00e2g\u00e9s de 23 \u00e0 75 ans.<br data-start=\"806\" data-end=\"809\" \/>L\u2019\u00e2ge minimum pour louer une voiture est 23 ans pour toutes les cat\u00e9gories, sauf pour les SUV, pour lesquels le conducteur doit avoir au moins 25 ans au moment de la prise en charge.<\/p><h6 data-section-id=\"nqad0w\" data-start=\"1010\" data-end=\"1029\">Documents requis<\/h6><ul data-start=\"1031\" data-end=\"1214\"><li data-section-id=\"17rf1xi\" data-start=\"1031\" data-end=\"1095\"><p data-start=\"1033\" data-end=\"1095\">Permis de conduire valide pour tous les conducteurs d\u00e9clar\u00e9s<\/p><\/li><li data-section-id=\"12la5m\" data-start=\"1096\" data-end=\"1146\"><p data-start=\"1098\" data-end=\"1146\">Permis de conduire international si n\u00e9cessaire<\/p><\/li><li data-section-id=\"4k8to4\" data-start=\"1147\" data-end=\"1214\"><p data-start=\"1149\" data-end=\"1214\">Passeport ou carte d\u2019identit\u00e9 nationale pour tous les conducteurs<\/p><\/li><\/ul><p data-start=\"1216\" data-end=\"1412\">Tous les d\u00e9tails de r\u00e9servation (en ligne ou par t\u00e9l\u00e9phone) doivent \u00eatre valides.<br data-start=\"1297\" data-end=\"1300\" \/>Notre soci\u00e9t\u00e9 se r\u00e9serve le droit de refuser la location si les informations de r\u00e9servation ne sont pas valides.<\/p><h6 data-section-id=\"5gjdjt\" data-start=\"1419\" data-end=\"1440\">Permis de conduire<\/h6><p data-start=\"1442\" data-end=\"1527\">Le permis doit avoir \u00e9t\u00e9 d\u00e9livr\u00e9 au moins un an avant la date de prise en charge.<\/p><ul data-start=\"1529\" data-end=\"1720\"><li data-section-id=\"1pk1i1w\" data-start=\"1529\" data-end=\"1587\"><p data-start=\"1531\" data-end=\"1587\">Les permis nationaux d\u00e9livr\u00e9s dans l\u2019UE sont accept\u00e9s.<\/p><\/li><li data-section-id=\"7ljk23\" data-start=\"1588\" data-end=\"1720\"><p data-start=\"1590\" data-end=\"1720\">Les citoyens des autres pays doivent pr\u00e9senter un permis de conduire international valide, accompagn\u00e9 de leur permis national.<\/p><\/li><\/ul><h6 data-section-id=\"1ibhj49\" data-start=\"1727\" data-end=\"1766\">R\u00e9servations et groupes de v\u00e9hicules<\/h6><p data-start=\"1768\" data-end=\"1861\">Toutes les r\u00e9servations concernent une cat\u00e9gorie de v\u00e9hicule et non un mod\u00e8le sp\u00e9cifique.<\/p><p data-start=\"1863\" data-end=\"2133\">Nous faisons de notre mieux pour attribuer le mod\u00e8le choisi.<br data-start=\"1923\" data-end=\"1926\" \/>Cependant, si celui-ci n\u2019est pas disponible, nous nous r\u00e9servons le droit de fournir un mod\u00e8le similaire de la m\u00eame cat\u00e9gorie ou une cat\u00e9gorie sup\u00e9rieure sans frais suppl\u00e9mentaires (upgrade gratuit).<\/p><h6 data-section-id=\"1dvgahc\" data-start=\"2140\" data-end=\"2169\">Dur\u00e9e minimale de location<\/h6><p data-start=\"2171\" data-end=\"2220\">La dur\u00e9e minimale de location est de 3 jours.<\/p><p data-start=\"2222\" data-end=\"2465\">Si le locataire souhaite prolonger la location, il doit nous contacter au moins deux jours avant la date de retour pr\u00e9vue.<br data-start=\"2348\" data-end=\"2351\" \/>La prolongation d\u00e9pend de la disponibilit\u00e9 et n\u2019est valable que si elle est confirm\u00e9e dans le contrat de location.<\/p><h6 data-section-id=\"7m6ezf\" data-start=\"2472\" data-end=\"2494\">Options de paiement<\/h6><p data-start=\"2496\" data-end=\"2554\">Le d\u00e9p\u00f4t peut \u00eatre pay\u00e9 en ligne via notre site avec :<\/p><ul data-start=\"2556\" data-end=\"2646\"><li data-section-id=\"9eupwl\" data-start=\"2556\" data-end=\"2564\"><p data-start=\"2558\" data-end=\"2564\">Visa<\/p><\/li><li data-section-id=\"zlov7k\" data-start=\"2565\" data-end=\"2579\"><p data-start=\"2567\" data-end=\"2579\">Mastercard<\/p><\/li><li data-section-id=\"vvh06z\" data-start=\"2580\" data-end=\"2591\"><p data-start=\"2582\" data-end=\"2591\">Maestro<\/p><\/li><li data-section-id=\"w8jnyn\" data-start=\"2592\" data-end=\"2602\"><p data-start=\"2594\" data-end=\"2602\">Diners<\/p><\/li><li data-section-id=\"rndrqz\" data-start=\"2603\" data-end=\"2615\"><p data-start=\"2605\" data-end=\"2615\">Discover<\/p><\/li><li data-section-id=\"enrd67\" data-start=\"2616\" data-end=\"2646\"><p data-start=\"2618\" data-end=\"2646\">cartes de d\u00e9bit ou pr\u00e9pay\u00e9es<\/p><\/li><\/ul><p data-start=\"2648\" data-end=\"2759\">Tous les paiements sont trait\u00e9s via la plateforme Nexi e-Commerce avec cryptage TLS 1.2 (SSL 128 bits).<\/p><p data-start=\"2761\" data-end=\"2850\">Si vous ne poss\u00e9dez pas de carte, contactez-nous pour organiser un virement bancaire.<\/p><p data-start=\"2852\" data-end=\"2941\">Le solde restant est payable \u00e0 la livraison du v\u00e9hicule, en esp\u00e8ces ou par carte.<\/p><h6 data-section-id=\"18qsut7\" data-start=\"2948\" data-end=\"2973\">Politique d\u2019annulation<\/h6><p data-section-id=\"1764lut\" data-start=\"2975\" data-end=\"3032\">Annulation plus de 48 heures avant la prise en charge<\/p><p data-start=\"3033\" data-end=\"3081\">Le d\u00e9p\u00f4t pr\u00e9pay\u00e9 sera enti\u00e8rement rembours\u00e9.<\/p><p data-section-id=\"9whg2x\" data-start=\"3083\" data-end=\"3141\">Annulation moins de 48 heures avant la prise en charge<\/p><p data-start=\"3142\" data-end=\"3178\">Le d\u00e9p\u00f4t n\u2019est pas remboursable.<\/p><h6 data-section-id=\"1t3wahu\" data-start=\"3185\" data-end=\"3203\">Retours tardifs<\/h6><p data-start=\"3205\" data-end=\"3370\">Un retard jusqu\u2019\u00e0 2 heures n\u2019entra\u00eene aucun frais suppl\u00e9mentaire.<br data-start=\"3278\" data-end=\"3281\" \/>Au-del\u00e0 de ce d\u00e9lai, sans accord pr\u00e9alable, une journ\u00e9e suppl\u00e9mentaire sera factur\u00e9e.<\/p><h6 data-section-id=\"1wskvos\" data-start=\"3377\" data-end=\"3402\">Politique de carburant<\/h6><p data-start=\"3404\" data-end=\"3490\">Le v\u00e9hicule doit \u00eatre restitu\u00e9 avec le m\u00eame niveau de carburant qu\u2019\u00e0 la livraison.<\/p><ul data-start=\"3492\" data-end=\"3620\"><li data-section-id=\"6rf4tu\" data-start=\"3492\" data-end=\"3552\"><p data-start=\"3494\" data-end=\"3552\">Si le niveau est inf\u00e9rieur \u2192 la diff\u00e9rence sera factur\u00e9e<\/p><\/li><li data-section-id=\"1m40tg0\" data-start=\"3553\" data-end=\"3620\"><p data-start=\"3555\" data-end=\"3620\">Si le niveau est sup\u00e9rieur \u2192 aucun remboursement ne sera effectu\u00e9<\/p><\/li><\/ul><h6 data-section-id=\"1aui2p2\" data-start=\"3627\" data-end=\"3654\">Remplacement du v\u00e9hicule<\/h6><p data-start=\"3656\" data-end=\"3783\">En cas d\u2019accident ou de panne rendant le v\u00e9hicule inutilisable, un v\u00e9hicule de remplacement sera fourni dans les 24 heures.<\/p><p data-start=\"3785\" data-end=\"3915\">Notre soci\u00e9t\u00e9 se r\u00e9serve le droit de refuser un remplacement si le v\u00e9hicule a \u00e9t\u00e9 utilis\u00e9 en violation des conditions de location.<\/p><h6 data-section-id=\"ge45cz\" data-start=\"3922\" data-end=\"3939\">Si\u00e8ges enfants<\/h6><p data-start=\"3941\" data-end=\"3957\">Nous proposons :<\/p><ul data-start=\"3959\" data-end=\"4032\"><li data-section-id=\"gwllx6\" data-start=\"3959\" data-end=\"3987\"><p data-start=\"3961\" data-end=\"3987\">si\u00e8ge b\u00e9b\u00e9 : 0-18 kg<\/p><\/li><li data-section-id=\"lxdvbt\" data-start=\"3988\" data-end=\"4019\"><p data-start=\"3990\" data-end=\"4019\">si\u00e8ge enfant : 18-36 kg<\/p><\/li><li data-section-id=\"1yz6ev5\" data-start=\"4020\" data-end=\"4032\"><p data-start=\"4022\" data-end=\"4032\">rehausseur<\/p><\/li><\/ul><p data-start=\"4034\" data-end=\"4098\">Les si\u00e8ges sont gratuits sur demande et selon disponibilit\u00e9.<\/p><h6 data-section-id=\"bu9ivh\" data-start=\"4105\" data-end=\"4135\">Conducteurs suppl\u00e9mentaires<\/h6><p data-start=\"4137\" data-end=\"4251\">Le premier conducteur suppl\u00e9mentaire est gratuit.<br data-start=\"4190\" data-end=\"4193\" \/>\u00c0 partir du deuxi\u00e8me conducteur \u2192 suppl\u00e9ment par jour.<\/p><h6 data-section-id=\"1h9ehhe\" data-start=\"4258\" data-end=\"4268\">Animaux<\/h6><p data-start=\"4270\" data-end=\"4325\">Les animaux ne sont pas autoris\u00e9s dans le v\u00e9hicule.<\/p><h6 data-section-id=\"1duz4c5\" data-start=\"4332\" data-end=\"4353\">Frais de nettoyage<\/h6><p data-start=\"4355\" data-end=\"4402\">Veuillez garder l\u2019int\u00e9rieur du v\u00e9hicule propre.<\/p><ul data-start=\"4404\" data-end=\"4509\"><li data-section-id=\"t9doqd\" data-start=\"4404\" data-end=\"4448\"><p data-start=\"4406\" data-end=\"4448\">Nettoyage biologique complet : 100 \u20ac<\/p><\/li><li data-section-id=\"19oxp32\" data-start=\"4449\" data-end=\"4509\"><p data-start=\"4451\" data-end=\"4509\">Nettoyage d\u2019un si\u00e8ge ou d\u2019une partie sp\u00e9cifique : 40 \u20ac<\/p><\/li><\/ul><h6 data-section-id=\"111njj9\" data-start=\"4516\" data-end=\"4532\">Retard de vol<\/h6><p data-start=\"4534\" data-end=\"4622\">Aucun frais suppl\u00e9mentaire.<br data-start=\"4561\" data-end=\"4564\" \/>Notre \u00e9quipe surveille les arriv\u00e9es de vols en temps r\u00e9el.<\/p><h6 data-section-id=\"16moe62\" data-start=\"4629\" data-end=\"4653\">Couverture d\u2019assurance<\/h6><h6 data-section-id=\"8lh24s\" data-start=\"4655\" data-end=\"4692\">Assurance FDW avec franchise z\u00e9ro<\/h6><p data-start=\"4694\" data-end=\"4707\">Elle couvre :<\/p><ul data-start=\"4709\" data-end=\"4821\"><li data-section-id=\"pxujby\" data-start=\"4709\" data-end=\"4740\"><p data-start=\"4711\" data-end=\"4740\">TPI \u2013 responsabilit\u00e9 civile<\/p><\/li><li data-section-id=\"tlasw2\" data-start=\"4741\" data-end=\"4769\"><p data-start=\"4743\" data-end=\"4769\">PAI \u2013 accident personnel<\/p><\/li><li data-section-id=\"vyiroq\" data-start=\"4770\" data-end=\"4787\"><p data-start=\"4772\" data-end=\"4787\">FP \u2013 incendie<\/p><\/li><li data-section-id=\"iau96\" data-start=\"4788\" data-end=\"4800\"><p data-start=\"4790\" data-end=\"4800\">TP \u2013 vol<\/p><\/li><li data-section-id=\"vlgk4y\" data-start=\"4801\" data-end=\"4821\"><p data-start=\"4803\" data-end=\"4821\">GI \u2013 bris de glace<\/p><\/li><\/ul><h6 data-section-id=\"85e27z\" data-start=\"4828\" data-end=\"4858\">Non couvert par l\u2019assurance<\/h6><ul data-start=\"4860\" data-end=\"5301\"><li data-section-id=\"1ol04et\" data-start=\"4860\" data-end=\"4910\"><p data-start=\"4862\" data-end=\"4910\">Conduite sous influence d\u2019alcool ou de drogues<\/p><\/li><li data-section-id=\"4xfqxb\" data-start=\"4911\" data-end=\"4938\"><p data-start=\"4913\" data-end=\"4938\">Conducteur non autoris\u00e9<\/p><\/li><li data-section-id=\"dkjj4l\" data-start=\"4939\" data-end=\"4977\"><p data-start=\"4941\" data-end=\"4977\">Dommages \u00e0 l\u2019int\u00e9rieur du v\u00e9hicule<\/p><\/li><li data-section-id=\"ij2qgq\" data-start=\"4978\" data-end=\"5013\"><p data-start=\"4980\" data-end=\"5013\">Infractions au code de la route<\/p><\/li><li data-section-id=\"19o97r\" data-start=\"5014\" data-end=\"5049\"><p data-start=\"5016\" data-end=\"5049\">Mauvais carburant ou n\u00e9gligence<\/p><\/li><li data-section-id=\"1my2djj\" data-start=\"5050\" data-end=\"5098\"><p data-start=\"5052\" data-end=\"5098\">Conduite hors route ou routes non asphalt\u00e9es<\/p><\/li><li data-section-id=\"1suxeg1\" data-start=\"5099\" data-end=\"5128\"><p data-start=\"5101\" data-end=\"5128\">Dommages sous le v\u00e9hicule<\/p><\/li><li data-section-id=\"q0pumz\" data-start=\"5129\" data-end=\"5165\"><p data-start=\"5131\" data-end=\"5165\">Dommages apr\u00e8s l\u2019heure de retour<\/p><\/li><li data-section-id=\"2697cz\" data-start=\"5166\" data-end=\"5218\"><p data-start=\"5168\" data-end=\"5218\">Accident non d\u00e9clar\u00e9 \u00e0 la soci\u00e9t\u00e9 et \u00e0 la police<\/p><\/li><li data-section-id=\"14zf2xz\" data-start=\"5219\" data-end=\"5248\"><p data-start=\"5221\" data-end=\"5248\">Perte d\u2019objets personnels<\/p><\/li><li data-section-id=\"hy5gnq\" data-start=\"5249\" data-end=\"5274\"><p data-start=\"5251\" data-end=\"5274\">Perte ou vol des cl\u00e9s<\/p><\/li><li data-section-id=\"fq4l8\" data-start=\"5275\" data-end=\"5301\"><p data-start=\"5277\" data-end=\"5301\">Vol caus\u00e9 par n\u00e9gligence<\/p><\/li><\/ul><h6 data-section-id=\"t7al5r\" data-start=\"5308\" data-end=\"5330\">Transport par ferry<\/h6><p data-start=\"5332\" data-end=\"5345\">Non autoris\u00e9.<\/p><h6 data-section-id=\"kud6s6\" data-start=\"5352\" data-end=\"5363\">Accident<\/h6><p data-start=\"5365\" data-end=\"5434\">Le locataire doit contacter imm\u00e9diatement la soci\u00e9t\u00e9 de location.<\/p><p data-start=\"5436\" data-end=\"5503\">Quitter les lieux sans rapport d\u2019accident est strictement interdit.<\/p><p data-start=\"5505\" data-end=\"5573\">En cas d\u2019impossibilit\u00e9 de contact, la police doit \u00eatre inform\u00e9e.<\/p><p data-start=\"5575\" data-end=\"5643\">Les dommages non d\u00e9clar\u00e9s ne seront pas accept\u00e9s lors du retour.<\/p><h6 data-section-id=\"1hz2weo\" data-start=\"5650\" data-end=\"5660\">Amendes<\/h6><p data-start=\"5662\" data-end=\"5795\">Le locataire est responsable de toutes les amendes et sanctions administratives r\u00e9sultant d\u2019infractions au code de la route grec.<\/p><h6 data-section-id=\"6lj4qn\" data-start=\"5802\" data-end=\"5829\">Obligations du locataire<\/h6><p data-start=\"5831\" data-end=\"5850\">Le locataire doit :<\/p><ul data-start=\"5852\" data-end=\"5983\"><li data-section-id=\"1k3e5nd\" data-start=\"5852\" data-end=\"5893\"><p data-start=\"5854\" data-end=\"5893\">v\u00e9rifier l\u2019\u00e9tat m\u00e9canique du v\u00e9hicule<\/p><\/li><li data-section-id=\"nod7cl\" data-start=\"5894\" data-end=\"5935\"><p data-start=\"5896\" data-end=\"5935\">contr\u00f4ler l\u2019huile, l\u2019eau et les pneus<\/p><\/li><li data-section-id=\"1dgwi0c\" data-start=\"5936\" data-end=\"5983\"><p data-start=\"5938\" data-end=\"5983\">garer et verrouiller correctement le v\u00e9hicule<\/p><\/li><\/ul><p data-start=\"5985\" data-end=\"6124\">Notre soci\u00e9t\u00e9 se r\u00e9serve le droit d\u2019annuler la location si le locataire enfreint les lois de circulation ou les conditions de location.<\/p>\t\t\t\t\t\t\t\t<\/div>\n\t\t\t\t<\/div>\n\t\t\t\t\t<\/div>\n\t\t<\/div>\n\t\t\t\t\t<\/div>\n\t\t<\/section>\n\t\t\t\t<\/div>\n\t\t","protected":false},"excerpt":{"rendered":"<p>Conditions de location La location rendue simple et claire D\u00e9couvrez toutes les r\u00e8gles justes et simples qui r\u00e9gissent votre location avec CretaCars. Nous valorisons la confiance et voulons que vous soyez pleinement inform\u00e9 avant de prendre la route. Nos prix incluent : Assurance compl\u00e8te 100 % (FDW) avec franchise z\u00e9ro couvrant : Assurance responsabilit\u00e9 civile [&hellip;]<\/p>\n","protected":false},"author":3,"featured_media":0,"parent":0,"menu_order":0,"comment_status":"closed","ping_status":"closed","template":"","meta":{"site-sidebar-layout":"no-sidebar","site-content-layout":"page-builder","ast-site-content-layout":"default","site-content-style":"default","site-sidebar-style":"default","ast-global-header-display":"","ast-banner-title-visibility":"","ast-main-header-display":"","ast-hfb-above-header-display":"","ast-hfb-below-header-display":"","ast-hfb-mobile-header-display":"","site-post-title":"disabled","ast-breadcrumbs-content":"","ast-featured-img":"disabled","footer-sml-layout":"","ast-disable-related-posts":"","theme-transparent-header-meta":"enabled","adv-header-id-meta":"","stick-header-meta":"default","header-above-stick-meta":"","header-main-stick-meta":"","header-below-stick-meta":"","astra-migrate-meta-layouts":"set","ast-page-background-enabled":"default","ast-page-background-meta":{"desktop":{"background-color":"","background-image":"","background-repeat":"repeat","background-position":"center center","background-size":"auto","background-attachment":"scroll","background-type":"","background-media":"","overlay-type":"","overlay-color":"","overlay-opacity":"","overlay-gradient":""},"tablet":{"background-color":"","background-image":"","background-repeat":"repeat","background-position":"center center","background-size":"auto","background-attachment":"scroll","background-type":"","background-media":"","overlay-type":"","overlay-color":"","overlay-opacity":"","overlay-gradient":""},"mobile":{"background-color":"","background-image":"","background-repeat":"repeat","background-position":"center center","background-size":"auto","background-attachment":"scroll","background-type":"","background-media":"","overlay-type":"","overlay-color":"","overlay-opacity":"","overlay-gradient":""}},"ast-content-background-meta":{"desktop":{"background-color":"var(--ast-global-color-5)","background-image":"","background-repeat":"repeat","background-position":"center center","background-size":"auto","background-attachment":"scroll","background-type":"","background-media":"","overlay-type":"","overlay-color":"","overlay-opacity":"","overlay-gradient":""},"tablet":{"background-color":"var(--ast-global-color-5)","background-image":"","background-repeat":"repeat","background-position":"center center","background-size":"auto","background-attachment":"scroll","background-type":"","background-media":"","overlay-type":"","overlay-color":"","overlay-opacity":"","overlay-gradient":""},"mobile":{"background-color":"var(--ast-global-color-5)","background-image":"","background-repeat":"repeat","background-position":"center center","background-size":"auto","background-attachment":"scroll","background-type":"","background-media":"","overlay-type":"","overlay-color":"","overlay-opacity":"","overlay-gradient":""}},"footnotes":""},"class_list":["post-41110","page","type-page","status-publish","hentry"],"_links":{"self":[{"href":"https:\/\/cretacars.com\/fr\/wp-json\/wp\/v2\/pages\/41110","targetHints":{"allow":["GET"]}}],"collection":[{"href":"https:\/\/cretacars.com\/fr\/wp-json\/wp\/v2\/pages"}],"about":[{"href":"https:\/\/cretacars.com\/fr\/wp-json\/wp\/v2\/types\/page"}],"author":[{"embeddable":true,"href":"https:\/\/cretacars.com\/fr\/wp-json\/wp\/v2\/users\/3"}],"replies":[{"embeddable":true,"href":"https:\/\/cretacars.com\/fr\/wp-json\/wp\/v2\/comments?post=41110"}],"version-history":[{"count":25,"href":"https:\/\/cretacars.com\/fr\/wp-json\/wp\/v2\/pages\/41110\/revisions"}],"predecessor-version":[{"id":41361,"href":"https:\/\/cretacars.com\/fr\/wp-json\/wp\/v2\/pages\/41110\/revisions\/41361"}],"wp:attachment":[{"href":"https:\/\/cretacars.com\/fr\/wp-json\/wp\/v2\/media?parent=41110"}],"curies":[{"name":"wp","href":"https:\/\/api.w.org\/{rel}","templated":true}]}}