{"id":40455,"date":"2022-02-21T10:39:00","date_gmt":"2022-02-21T10:39:00","guid":{"rendered":"https:\/\/cretacars.com\/cookie-policy\/"},"modified":"2026-03-13T09:10:41","modified_gmt":"2026-03-13T09:10:41","slug":"cookie-policy","status":"publish","type":"page","link":"https:\/\/cretacars.com\/it\/cookie-policy\/","title":{"rendered":"Politica sui Cookie"},"content":{"rendered":"\t\t<div data-elementor-type=\"wp-post\" data-elementor-id=\"40455\" class=\"elementor elementor-40455 elementor-27124\" data-elementor-post-type=\"page\">\n\t\t\t\t\t\t<section class=\"has_eae_slider elementor-section elementor-top-section elementor-element elementor-element-c2a3bc8 elementor-section-full_width elementor-section-height-default elementor-section-height-default\" data-eae-slider=\"58272\" data-id=\"c2a3bc8\" data-element_type=\"section\" data-e-type=\"section\" data-settings=\"{&quot;background_background&quot;:&quot;classic&quot;}\">\n\t\t\t\t\t\t\t<div class=\"elementor-background-overlay\"><\/div>\n\t\t\t\t\t\t\t<div class=\"elementor-container elementor-column-gap-default\">\n\t\t\t\t\t<div class=\"has_eae_slider elementor-column elementor-col-100 elementor-top-column elementor-element elementor-element-26c71c5\" data-eae-slider=\"37594\" data-id=\"26c71c5\" data-element_type=\"column\" data-e-type=\"column\">\n\t\t\t<div class=\"elementor-widget-wrap elementor-element-populated\">\n\t\t\t\t\t\t<div class=\"elementor-element elementor-element-160f693 elementor-invisible elementor-widget elementor-widget-heading\" data-id=\"160f693\" data-element_type=\"widget\" data-e-type=\"widget\" data-settings=\"{&quot;_animation&quot;:&quot;zoomIn&quot;}\" data-widget_type=\"heading.default\">\n\t\t\t\t<div class=\"elementor-widget-container\">\n\t\t\t\t\t<h1 class=\"elementor-heading-title elementor-size-default\">Politica sui Cookie<\/h1>\t\t\t\t<\/div>\n\t\t\t\t<\/div>\n\t\t\t\t\t<\/div>\n\t\t<\/div>\n\t\t\t\t\t<\/div>\n\t\t<\/section>\n\t\t\t\t<section class=\"has_eae_slider elementor-section elementor-top-section elementor-element elementor-element-b87224d elementor-section-boxed elementor-section-height-default elementor-section-height-default\" data-eae-slider=\"60849\" data-id=\"b87224d\" data-element_type=\"section\" data-e-type=\"section\" data-settings=\"{&quot;background_background&quot;:&quot;classic&quot;}\">\n\t\t\t\t\t\t<div class=\"elementor-container elementor-column-gap-no\">\n\t\t\t\t\t<div class=\"has_eae_slider elementor-column elementor-col-100 elementor-top-column elementor-element elementor-element-ae7738f\" data-eae-slider=\"14118\" data-id=\"ae7738f\" data-element_type=\"column\" data-e-type=\"column\">\n\t\t\t<div class=\"elementor-widget-wrap elementor-element-populated\">\n\t\t\t\t\t\t<div class=\"elementor-element elementor-element-44ad8c9 elementor-widget elementor-widget-ucaddon_uc_scroll_reveal_text\" data-id=\"44ad8c9\" data-element_type=\"widget\" data-e-type=\"widget\" data-widget_type=\"ucaddon_uc_scroll_reveal_text.default\">\n\t\t\t\t<div class=\"elementor-widget-container\">\n\t\t\t\t\t\n<!-- start Scroll Text Reveal -->\n\t\t<link id='uc_ac_assets_file_aos_css_26053-css' href='https:\/\/cretacars.com\/wp-content\/uploads\/ac_assets\/uc_scroll_reveal_text\/aos.css' type='text\/css' rel='stylesheet' >\n\t\t<link id='uc_ac_assets_file_uc_scroll_reveal_text_css_3698-css' href='https:\/\/cretacars.com\/wp-content\/uploads\/ac_assets\/uc_scroll_reveal_text\/uc_scroll_reveal_text.css' type='text\/css' rel='stylesheet' >\n\n<style>\/* widget: Scroll Text Reveal *\/\n\n#uc_uc_scroll_reveal_text_elementor_44ad8c9.uc_scroll_reveal_text {\n    text-align: center;\n}\n#uc_uc_scroll_reveal_text_elementor_44ad8c9 .uc_reveal_holder .uc_reveal-block {\n    background: #ffffff;\n}\n#uc_uc_scroll_reveal_text_elementor_44ad8c9 .uc_reveal_holder .uc_reveal-block::before{\n  \tbackground: #41B38F;\n}\n\n<\/style>\n\n<section class=\"uc_scroll_reveal_text\" id=\"uc_uc_scroll_reveal_text_elementor_44ad8c9\">\n    <div class=\"uc_reveal_holder\" data-aos=\"reveal-item\" >\n        <div class=\"uc_reveal-block top\" data-aos=\"reveal-top\" data-aos-delay=\"300\"\n             \t \n          \t data-aos-once=\"true\">\n          \t \t\n        <\/div>\n        <h2 class=\"ue_scroll_reveal_text_inside\"><span  class=\"uc_style_uc_scroll_reveal_text_elementor_title\" style=\"color:#114273;\">Informazioni sui Cookie: Come Miglioriamo la Tua Esperienza<\/span><\/h2>\n    <\/div>\n<\/section>\n<!-- end Scroll Text Reveal -->\t\t\t\t<\/div>\n\t\t\t\t<\/div>\n\t\t\t\t<div class=\"elementor-element elementor-element-87ad782 elementor-widget elementor-widget-text-editor\" data-id=\"87ad782\" data-element_type=\"widget\" data-e-type=\"widget\" data-widget_type=\"text-editor.default\">\n\t\t\t\t<div class=\"elementor-widget-container\">\n\t\t\t\t\t\t\t\t\t<p>Utilizziamo i cookie per far funzionare meglio il nostro sito web. Scopri cosa sono i cookie e la cookie policy del nostro sito web.<\/p>\t\t\t\t\t\t\t\t<\/div>\n\t\t\t\t<\/div>\n\t\t\t\t<section class=\"has_eae_slider elementor-section elementor-inner-section elementor-element elementor-element-2d069cc elementor-section-boxed elementor-section-height-default elementor-section-height-default\" data-eae-slider=\"83978\" data-id=\"2d069cc\" data-element_type=\"section\" data-e-type=\"section\">\n\t\t\t\t\t\t<div class=\"elementor-container elementor-column-gap-default\">\n\t\t\t\t\t<div class=\"has_eae_slider elementor-column elementor-col-100 elementor-inner-column elementor-element elementor-element-30a423f\" data-eae-slider=\"68404\" data-id=\"30a423f\" data-element_type=\"column\" data-e-type=\"column\">\n\t\t\t<div class=\"elementor-widget-wrap elementor-element-populated\">\n\t\t\t\t\t\t<div class=\"elementor-element elementor-element-63a0940 elementor-widget elementor-widget-text-editor\" data-id=\"63a0940\" data-element_type=\"widget\" data-e-type=\"widget\" data-widget_type=\"text-editor.default\">\n\t\t\t\t<div class=\"elementor-widget-container\">\n\t\t\t\t\t\t\t\t\t<p>\u00a0<\/p><p>Utilizziamo i cookie sul nostro sito Web per gestire le registrazioni, per fornire siti Web personalizzati e per personalizzare la pubblicit\u00e0 e altri contenuti per riflettere le vostre esigenze e interessi particolari. I cookie possono essere utilizzati anche per compilare statistiche anonime aggregate che ci consentono di capire come il pubblico utilizza il nostro sito web e aiuta a migliorarne la struttura e il contenuto. Non possiamo verificare la tua identit\u00e0 personale da queste informazioni. \u00c8 possibile modificare le impostazioni del browser in modo da rifiutare tutti o alcuni cookie, ad eccezione dei cookie assolutamente necessari. \u00c8 necessario essere consapevoli del fatto che alcune funzionalit\u00e0 sono disponibili solo tramite l&#8217;uso dei cookie e se si sceglie di disabilitare i cookie, queste funzionalit\u00e0 potrebbero non essere disponibili.<\/p><p>\u00a0<\/p><p><strong>Cosa sono i cookie?<\/strong><\/p><p>I &#8220;cookie&#8221; sono piccoli file di testo che vengono memorizzati nel browser dell&#8217;utente quando visita un sito web. Le informazioni memorizzate sul computer dell&#8217;utente possono contenere informazioni come le pagine visitate dall&#8217;utente, la data e l&#8217;ora della visita nonch\u00e9 un numero identificativo dell&#8217;utente casuale e univoco. Grazie a questo utilizzo, il Sito \u00e8 in grado di memorizzare informazioni utili per l&#8217;Utente che sta navigando nel Sito, nonch\u00e9 di leggere tali informazioni per offrire all&#8217;Utente un&#8217;esperienza di navigazione unificata.<\/p><p>Esistono due diversi tipi di cookie: di sessione e persistenti. Sono usati per cose diverse e contengono informazioni diverse<\/p><p>I cookie di sessione contengono informazioni utilizzate nella navigazione corrente del tuo browser. Questi cookie vengono automaticamente cancellati quando chiudi il browser. Nulla rimane sul tuo computer dopo aver lasciato il sito.<\/p><p>I cookie persistenti vengono utilizzati per memorizzare le informazioni utilizzate tra le visite. Questi dati consentono ai siti di riconoscere che sei un cliente che torna sul sito e reagisce di conseguenza. I cookie persistenti hanno una durata definita dal sito Web, che pu\u00f2 variare da pochi minuti a diversi anni.<\/p><p><strong>Quali cookie utilizziamo sul nostro sito web?<\/strong><\/p><p>I cookie che utilizziamo sono chiamati &#8220;cookie persistenti&#8221;.<\/p><p>I cookie persistenti vengono memorizzati come file sul tuo computer e rimangono l\u00ec quando chiudi il browser, a meno che non li elimini. Non utilizziamo i cookie per estrarre informazioni sul tuo traffico ad altri siti web o per verificare informazioni personali diverse da quelle che ci hai fornito volontariamente. I cookie non corrompono o danneggiano il tuo computer, programmi o file. In ogni caso, i cookie facilitano il miglior servizio e l&#8217;esperienza dell&#8217;utente quando si visita il sito Web dell&#8217;azienda e si consiglia di abilitarli.<\/p><p>Anche se scegli di non consentire il loro utilizzo, puoi comunque usufruire di tutte le funzionalit\u00e0 del nostro sito web. Ma poi devi reinserire alcuni dei tuoi dati ad ogni visita. Se si consente ai cookie di funzionare e si utilizza un computer condiviso, disconnettersi al termine della visita.<\/p><p><strong>Cookie assolutamente necessari<\/strong><\/p><p>I cookie assolutamente necessari sono essenziali per il corretto funzionamento del sito, consentono di navigare e utilizzare le sue funzioni, come accedere ad aree protette o utilizzare il carrello. Questi cookie non riconoscono la tua identit\u00e0 personale. Senza questi cookie, non possiamo fornire un funzionamento efficiente del nostro sito web.<\/p><p><strong>Cookie di prestazione<\/strong><\/p><p>Questi cookie raccolgono informazioni su come i visitatori utilizzano il sito Web, ad esempio, quali pagine visitano pi\u00f9 spesso e se ricevono messaggi di errore dai siti Web. Questi cookie raccolgono informazioni aggregate e anonime che non identificano un visitatore. Vengono utilizzati esclusivamente per migliorare le prestazioni di un sito web.<\/p><p><strong>Cookie di terze parti<\/strong><\/p><p>Questi cookie vengono inseriti dai nostri partner per nostro conto. Con questi cookie, raccolgono dati sulle prestazioni dei nostri annunci e sulla tua interazione con il nostro sito web. Questi dati possono essere utilizzati dai nostri affiliati per trarre conclusioni statistiche e migliorare la tua esperienza pubblicitaria come visitatore.<\/p><p><strong>Cookie di funzionalit\u00e0<\/strong><\/p><p>Questi cookie consentono al sito Web di ricordare le scelte dell&#8217;utente come nome utente, lingua o regione per fornire funzionalit\u00e0 avanzate e personalizzate. Possono essere utilizzati anche per fornire servizi richiesti dagli utenti, come la visualizzazione di video o l&#8217;utilizzo dei social media. Le informazioni raccolte da questi cookie possono essere anonime e non \u00e8 possibile per loro monitorare l&#8217;attivit\u00e0 di navigazione su altri siti web. Se non si accettano questi cookie, le prestazioni e la funzionalit\u00e0 del sito Web potrebbero essere compromesse e l&#8217;accesso al suo contenuto potrebbe essere limitato.<\/p><p><strong>Cookie di analisi<\/strong><\/p><p>Questi cookie raccolgono informazioni sul comportamento di navigazione sul nostro sito Web, ad esempio quali pagine del nostro sito Web vengono visitate frequentemente e se si ricevono messaggi di errore. Grazie a questo, siamo in grado di rendere la struttura, la navigazione e i contenuti del sito il pi\u00f9 user-friendly possibile. Non associamo statistiche e altri dati dei rapporti a singoli individui.<\/p><p>Utilizziamo questi cookie per:<\/p><ul><li>Registrazione del numero di visitatori dei nostri siti web<\/li><li>Registrazione della durata di ogni visita ai nostri siti web<\/li><li>Determina la sequenza \/ ordine in cui visiti le diverse pagine del nostro sito<\/li><li>Valutare i punti del sito per migliorare<\/li><li>Ottimizzazione del sito web<\/li><\/ul><p>\u00a0<\/p><p>Possiamo utilizzare software come Google Analytics per analizzare l&#8217;utilizzo della pagina, le interazioni delle pagine e i percorsi sui nostri siti. Questi sono noti come &#8220;metriche del sito web&#8221; o &#8220;analisi&#8221;. Google Analytics \u00e8 un servizio di analisi online offerto da Google Inc. (Google). Google Analytics utilizza i cookie per analizzare l&#8217;utilizzo del sito da parte degli utenti. Google utilizza statistiche aggregate per dare della nostra compagnia un&#8217;idea di come gli utenti utilizzano il sito web.<\/p><p>I cookie di analisi web, dei nostri partner Google e Adobe, ci consentono anche di monitorare l&#8217;interazione del cliente all&#8217;interno del nostro sito web. Questo ci fornisce informazioni preziose che ci consentono di migliorare il sito web, i prodotti ei servizi che offriamo.<\/p><p>Google pu\u00f2 fornire queste informazioni a terzi solo se richiesto dalla legge.<\/p><p><strong>Cookie di targeting \/ pubblicitari<\/strong><\/p><p>Questi cookie vengono utilizzati sul nostro sito Web per fornire contenuti adatti a te e ai tuoi interessi. Possono essere utilizzati per inviare annunci \/ offerte mirate, limitare le impressioni degli annunci o misurare l&#8217;efficacia della nostra campagna pubblicitaria. Questi cookie possono essere utilizzati per ricordare quali siti Web hai visitato al fine di determinare i canali di marketing online pi\u00f9 efficaci e consentirci di premiare i siti Web esterni e gli affiliati che ti hanno segnalato.<\/p><p><strong>Gestione del traffico del sito web<\/strong><\/p><p>I programmi di gestione del traffico sul nostro sito vengono utilizzati per rilevare problemi tecnici che possono sorgere mentre sei sul sito. Sulla base delle informazioni che raccogliamo attraverso questi programmi, correggiamo errori e problemi tecnici e miglioriamo continuamente i servizi offerti sul sito, al fine di soddisfare le esigenze personali dell&#8217;utente.<\/p><p><strong>Cookie dei social media.<\/strong><\/p><p>Questi cookie sono necessari per collegare il tuo account di social media al nostro sito web. Ad esempio, per consentirti di ripubblicare e condividere con i tuoi amici informazioni sui social media sul nostro sito o per indicare che desideri seguire la nostra pagina dei social media. I cookie dei social media non sono necessari per la tua navigazione sul nostro sito web.<\/p><p><strong>Come controllare i cookie?<\/strong><\/p><p>\u00c8 a tua discrezione revocare, in qualsiasi momento, il tuo consenso o opporti all&#8217;utilizzo dei cookie da parte del nostro sito Web sul tuo computer o dispositivo, nonch\u00e9 verificare e \/ o eliminare i cookie.<\/p><p>Puoi modificare le tue preferenze personali impostando correttamente il browser utilizzato, consentendo sia l&#8217;accettazione di alcune tipologie di cookie sia il rifiuto di utilizzarli.<\/p><p>Puoi cancellare i cookies dal computer o dispositivo che stai utilizzando, ogni volta che vuoi seguendo il percorso per cancellarli dalla memoria del browser che stai utilizzando<\/p><p>Puoi anche configurare il browser che utilizzi in modo che ti avverta dell&#8217;uso dei cookie in alcuni servizi delle pagine web su cui navighi o che comunque autorizzi l&#8217;accettazione dell&#8217;uso dei cookie.<\/p><p><strong>Quali sono i tuoi diritti?<\/strong><\/p><p>Hai i seguenti diritti:<\/p><ul><li>Accesso ai tuoi dati<\/li><li>Correggi o elimina i tuoi dati<\/li><li>Portabilit\u00e0 dei tuoi dati<\/li><li>Limitare il trattamento dei dati<\/li><li>Opporsi al trattamento dei tuoi dati<\/li><li>Revoca del consenso per l&#8217;utilizzo di tutti o parte dei cookie e quindi per il trattamento dei dati.<\/li><\/ul><p><strong>\u00a0<\/strong><\/p><p>Per esercitare i diritti di cui sopra in nella nostra compagnia, \u00e8 possibile presentare la richiesta alla sede della societ\u00e0 all&#8217;indirizzo postale, o via email, nonch\u00e9 inviare, nel caso in cui si ritenga che l&#8217;elaborazione dei tuoi dati viola la legge applicabile in materia di protezione dei dati personali, reclamo al Garante per la protezione dei dati personali (indirizzo postale 1-3 Kifissias, PC 115 23, Atene, tel. 210. 6475600, indirizzo e-mail contact@dpa.gr ).<\/p><p>Se desideri contattarci in merito a questioni relative al trattamento dei tuoi dati personali e all&#8217;esercizio dei tuoi diritti, puoi contattare il Responsabile della protezione dei dati (DPO) via email.<\/p><p>Dove puoi trovare pi\u00f9 informazioni sulla protezione dei dati personali raccolti dai cookie?<\/p><p>Troverai informazioni sulla protezione dei tuoi dati personali, ma anche sui tuoi diritti nella privacy policy.<\/p><p><strong>Dove puoi trovare maggiori informazioni sull&#8217;uso generale dei cookie?<\/strong><\/p><p>Puoi trovare ulteriori informazioni sull&#8217;uso generale dei cookie, nonch\u00e9 su come bloccare o limitare i cookie su http:\/\/cookiepedia.co.uk\/all-about-cookies e http: \/\/ www .allaboutcookies.org \/.<\/p><p><strong>Modifiche alla cookie policy.<\/strong><\/p><p>Questa politica sui cookie \u00e8 soggetta a modifiche in qualsiasi momento. Per questo motivo, riteniamo opportuno fare riferimento regolarmente a questa Policy. In caso di modifica sar\u00e0 indicata la data in cui \u00e8 avvenuta. Rimane comunque valida la cookies policy, cos\u00ec come formulata dalla pi\u00f9 recente modifica<\/p><p>\u00a0<\/p>\t\t\t\t\t\t\t\t<\/div>\n\t\t\t\t<\/div>\n\t\t\t\t\t<\/div>\n\t\t<\/div>\n\t\t\t\t\t<\/div>\n\t\t<\/section>\n\t\t\t\t\t<\/div>\n\t\t<\/div>\n\t\t\t\t\t<\/div>\n\t\t<\/section>\n\t\t\t\t<\/div>\n\t\t","protected":false},"excerpt":{"rendered":"<p>Politica sui Cookie Informazioni sui Cookie: Come Miglioriamo la Tua Esperienza Utilizziamo i cookie per far funzionare meglio il nostro sito web. Scopri cosa sono i cookie e la cookie policy del nostro sito web. \u00a0 Utilizziamo i cookie sul nostro sito Web per gestire le registrazioni, per fornire siti Web personalizzati e per personalizzare [&hellip;]<\/p>\n","protected":false},"author":3,"featured_media":0,"parent":0,"menu_order":0,"comment_status":"closed","ping_status":"closed","template":"","meta":{"site-sidebar-layout":"no-sidebar","site-content-layout":"page-builder","ast-site-content-layout":"default","site-content-style":"default","site-sidebar-style":"default","ast-global-header-display":"","ast-banner-title-visibility":"","ast-main-header-display":"","ast-hfb-above-header-display":"","ast-hfb-below-header-display":"","ast-hfb-mobile-header-display":"","site-post-title":"disabled","ast-breadcrumbs-content":"","ast-featured-img":"disabled","footer-sml-layout":"","ast-disable-related-posts":"","theme-transparent-header-meta":"enabled","adv-header-id-meta":"","stick-header-meta":"default","header-above-stick-meta":"","header-main-stick-meta":"","header-below-stick-meta":"","astra-migrate-meta-layouts":"set","ast-page-background-enabled":"default","ast-page-background-meta":{"desktop":{"background-color":"","background-image":"","background-repeat":"repeat","background-position":"center center","background-size":"auto","background-attachment":"scroll","background-type":"","background-media":"","overlay-type":"","overlay-color":"","overlay-opacity":"","overlay-gradient":""},"tablet":{"background-color":"","background-image":"","background-repeat":"repeat","background-position":"center center","background-size":"auto","background-attachment":"scroll","background-type":"","background-media":"","overlay-type":"","overlay-color":"","overlay-opacity":"","overlay-gradient":""},"mobile":{"background-color":"","background-image":"","background-repeat":"repeat","background-position":"center center","background-size":"auto","background-attachment":"scroll","background-type":"","background-media":"","overlay-type":"","overlay-color":"","overlay-opacity":"","overlay-gradient":""}},"ast-content-background-meta":{"desktop":{"background-color":"var(--ast-global-color-5)","background-image":"","background-repeat":"repeat","background-position":"center center","background-size":"auto","background-attachment":"scroll","background-type":"","background-media":"","overlay-type":"","overlay-color":"","overlay-opacity":"","overlay-gradient":""},"tablet":{"background-color":"var(--ast-global-color-5)","background-image":"","background-repeat":"repeat","background-position":"center center","background-size":"auto","background-attachment":"scroll","background-type":"","background-media":"","overlay-type":"","overlay-color":"","overlay-opacity":"","overlay-gradient":""},"mobile":{"background-color":"var(--ast-global-color-5)","background-image":"","background-repeat":"repeat","background-position":"center center","background-size":"auto","background-attachment":"scroll","background-type":"","background-media":"","overlay-type":"","overlay-color":"","overlay-opacity":"","overlay-gradient":""}},"footnotes":""},"class_list":["post-40455","page","type-page","status-publish","hentry"],"_links":{"self":[{"href":"https:\/\/cretacars.com\/it\/wp-json\/wp\/v2\/pages\/40455","targetHints":{"allow":["GET"]}}],"collection":[{"href":"https:\/\/cretacars.com\/it\/wp-json\/wp\/v2\/pages"}],"about":[{"href":"https:\/\/cretacars.com\/it\/wp-json\/wp\/v2\/types\/page"}],"author":[{"embeddable":true,"href":"https:\/\/cretacars.com\/it\/wp-json\/wp\/v2\/users\/3"}],"replies":[{"embeddable":true,"href":"https:\/\/cretacars.com\/it\/wp-json\/wp\/v2\/comments?post=40455"}],"version-history":[{"count":17,"href":"https:\/\/cretacars.com\/it\/wp-json\/wp\/v2\/pages\/40455\/revisions"}],"predecessor-version":[{"id":40954,"href":"https:\/\/cretacars.com\/it\/wp-json\/wp\/v2\/pages\/40455\/revisions\/40954"}],"wp:attachment":[{"href":"https:\/\/cretacars.com\/it\/wp-json\/wp\/v2\/media?parent=40455"}],"curies":[{"name":"wp","href":"https:\/\/api.w.org\/{rel}","templated":true}]}}