{"id":40597,"date":"2025-10-13T15:56:03","date_gmt":"2025-10-13T15:56:03","guid":{"rendered":"https:\/\/cretacars.com\/faq\/"},"modified":"2026-03-13T08:49:56","modified_gmt":"2026-03-13T08:49:56","slug":"faq","status":"publish","type":"page","link":"https:\/\/cretacars.com\/it\/faq\/","title":{"rendered":"FAQ"},"content":{"rendered":"\t\t<div data-elementor-type=\"wp-post\" data-elementor-id=\"40597\" class=\"elementor elementor-40597 elementor-39296\" data-elementor-post-type=\"page\">\n\t\t\t\t\t\t<section class=\"has_eae_slider elementor-section elementor-top-section elementor-element elementor-element-1f0acdd elementor-section-boxed elementor-section-height-default elementor-section-height-default\" data-eae-slider=\"90029\" data-id=\"1f0acdd\" data-element_type=\"section\" data-e-type=\"section\" data-settings=\"{&quot;background_background&quot;:&quot;classic&quot;}\">\n\t\t\t\t\t\t\t<div class=\"elementor-background-overlay\"><\/div>\n\t\t\t\t\t\t\t<div class=\"elementor-container elementor-column-gap-no\">\n\t\t\t\t\t<div class=\"has_eae_slider elementor-column elementor-col-100 elementor-top-column elementor-element elementor-element-ed733f4\" data-eae-slider=\"3898\" data-id=\"ed733f4\" data-element_type=\"column\" data-e-type=\"column\" data-settings=\"{&quot;animation_tablet&quot;:&quot;zoomIn&quot;}\">\n\t\t\t<div class=\"elementor-widget-wrap elementor-element-populated\">\n\t\t\t\t\t\t<div class=\"elementor-element elementor-element-a7cb29f elementor-invisible elementor-widget elementor-widget-heading\" data-id=\"a7cb29f\" data-element_type=\"widget\" data-e-type=\"widget\" data-settings=\"{&quot;_animation&quot;:&quot;zoomIn&quot;}\" data-widget_type=\"heading.default\">\n\t\t\t\t<div class=\"elementor-widget-container\">\n\t\t\t\t\t<h1 class=\"elementor-heading-title elementor-size-default\">FAQ<\/h1>\t\t\t\t<\/div>\n\t\t\t\t<\/div>\n\t\t\t\t\t<\/div>\n\t\t<\/div>\n\t\t\t\t\t<\/div>\n\t\t<\/section>\n\t\t\t\t<section class=\"has_eae_slider elementor-section elementor-top-section elementor-element elementor-element-6f6a2fc elementor-section-content-middle elementor-section-boxed elementor-section-height-default elementor-section-height-default\" data-eae-slider=\"77150\" data-id=\"6f6a2fc\" data-element_type=\"section\" data-e-type=\"section\" data-settings=\"{&quot;background_background&quot;:&quot;classic&quot;}\">\n\t\t\t\t\t\t<div class=\"elementor-container elementor-column-gap-no\">\n\t\t\t\t\t<div class=\"has_eae_slider elementor-column elementor-col-100 elementor-top-column elementor-element elementor-element-3615873\" data-eae-slider=\"80564\" data-id=\"3615873\" data-element_type=\"column\" data-e-type=\"column\">\n\t\t\t<div class=\"elementor-widget-wrap elementor-element-populated\">\n\t\t\t\t\t\t<div class=\"elementor-element elementor-element-05f224b elementor-widget elementor-widget-ucaddon_uc_scroll_reveal_text\" data-id=\"05f224b\" data-element_type=\"widget\" data-e-type=\"widget\" data-widget_type=\"ucaddon_uc_scroll_reveal_text.default\">\n\t\t\t\t<div class=\"elementor-widget-container\">\n\t\t\t\t\t\n<!-- start Scroll Text Reveal -->\n\t\t<link id='uc_ac_assets_file_aos_css_26053-css' href='https:\/\/cretacars.com\/wp-content\/uploads\/ac_assets\/uc_scroll_reveal_text\/aos.css' type='text\/css' rel='stylesheet' >\n\t\t<link id='uc_ac_assets_file_uc_scroll_reveal_text_css_3698-css' href='https:\/\/cretacars.com\/wp-content\/uploads\/ac_assets\/uc_scroll_reveal_text\/uc_scroll_reveal_text.css' type='text\/css' rel='stylesheet' >\n\n<style>\/* widget: Scroll Text Reveal *\/\n\n#uc_uc_scroll_reveal_text_elementor_05f224b.uc_scroll_reveal_text {\n    text-align: center;\n}\n#uc_uc_scroll_reveal_text_elementor_05f224b .uc_reveal_holder .uc_reveal-block {\n    background: #ffffff;\n}\n#uc_uc_scroll_reveal_text_elementor_05f224b .uc_reveal_holder .uc_reveal-block::before{\n  \tbackground: #41B38F;\n}\n\n<\/style>\n\n<section class=\"uc_scroll_reveal_text\" id=\"uc_uc_scroll_reveal_text_elementor_05f224b\">\n    <div class=\"uc_reveal_holder\" data-aos=\"reveal-item\" >\n        <div class=\"uc_reveal-block top\" data-aos=\"reveal-top\" data-aos-delay=\"300\"\n             \t \n          \t data-aos-once=\"true\">\n          \t \t\n        <\/div>\n        <h2 class=\"ue_scroll_reveal_text_inside\"><span  class=\"uc_style_uc_scroll_reveal_text_elementor_title\" style=\"color:#114273;\">Domande frequenti<\/span><\/h2>\n    <\/div>\n<\/section>\n<!-- end Scroll Text Reveal -->\t\t\t\t<\/div>\n\t\t\t\t<\/div>\n\t\t\t\t<div class=\"elementor-element elementor-element-3db4921 elementor-invisible elementor-widget elementor-widget-heading\" data-id=\"3db4921\" data-element_type=\"widget\" data-e-type=\"widget\" data-settings=\"{&quot;_animation&quot;:&quot;zoomIn&quot;}\" data-widget_type=\"heading.default\">\n\t\t\t\t<div class=\"elementor-widget-container\">\n\t\t\t\t\t<h3 class=\"elementor-heading-title elementor-size-default\">Hai domande? Abbiamo le risposte!<\/h3>\t\t\t\t<\/div>\n\t\t\t\t<\/div>\n\t\t\t\t<div class=\"elementor-element elementor-element-2658923 elementor-widget elementor-widget-text-editor\" data-id=\"2658923\" data-element_type=\"widget\" data-e-type=\"widget\" data-widget_type=\"text-editor.default\">\n\t\t\t\t<div class=\"elementor-widget-container\">\n\t\t\t\t\t\t\t\t\t<p>\u00a0Hai domande? Abbiamo raccolto le domande pi\u00f9 frequenti in modo che tu possa trovare rapidamente tutto ci\u00f2 che devi sapere sul noleggio auto: dall\u2019et\u00e0 del guidatore e l\u2019assicurazione, alla politica carburante e al deposito.<br data-start=\"293\" data-end=\"296\" \/>Se non trovi la risposta che cerchi, il nostro team \u00e8 sempre disponibile ad aiutarti personalmente.<\/p>\t\t\t\t\t\t\t\t<\/div>\n\t\t\t\t<\/div>\n\t\t\t\t<div class=\"elementor-element elementor-element-5df1388 elementor-widget elementor-widget-toggle\" data-id=\"5df1388\" data-element_type=\"widget\" data-e-type=\"widget\" data-widget_type=\"toggle.default\">\n\t\t\t\t<div class=\"elementor-widget-container\">\n\t\t\t\t\t\t\t<div class=\"elementor-toggle\">\n\t\t\t\t\t\t\t<div class=\"elementor-toggle-item\">\n\t\t\t\t\t<div id=\"elementor-tab-title-9851\" class=\"elementor-tab-title\" data-tab=\"1\" role=\"button\" aria-controls=\"elementor-tab-content-9851\" aria-expanded=\"false\">\n\t\t\t\t\t\t\t\t\t\t\t\t<span class=\"elementor-toggle-icon elementor-toggle-icon-left\" aria-hidden=\"true\">\n\t\t\t\t\t\t\t\t\t\t\t\t\t\t\t<span class=\"elementor-toggle-icon-closed\"><i class=\"fas fa-caret-right\"><\/i><\/span>\n\t\t\t\t\t\t\t\t<span class=\"elementor-toggle-icon-opened\"><i class=\"elementor-toggle-icon-opened fas fa-caret-up\"><\/i><\/span>\n\t\t\t\t\t\t\t\t\t\t\t\t\t<\/span>\n\t\t\t\t\t\t\t\t\t\t\t\t<a class=\"elementor-toggle-title\" tabindex=\"0\">Quali assicurazioni sono incluse nelle tariffe?<\/a>\n\t\t\t\t\t<\/div>\n\n\t\t\t\t\t<div id=\"elementor-tab-content-9851\" class=\"elementor-tab-content elementor-clearfix\" data-tab=\"1\" role=\"region\" aria-labelledby=\"elementor-tab-title-9851\"><p data-start=\"94\" data-end=\"394\">Un pacchetto assicurativo completo \u00e8 incluso nelle nostre tariffe. Tutti i contratti di noleggio comprendono un pacchetto assicurativo con franchigia zero. Il locatario non \u00e8 responsabile per eventuali danni all\u2019auto, a condizione che rispetti i termini e le condizioni del noleggio.<\/p><p data-start=\"396\" data-end=\"419\">Il pacchetto include:<\/p><ul><li>Copertura Completa Danni (FDW)<\/li><li>Assicurazione Responsabilit\u00e0 Terzi (TPI)<\/li><li>Protezione Furto (TP)<\/li><li>Protezione Incendio (FP)<\/li><li>Assicurazione Infortuni Personali (PAI)<\/li><li>Copertura Danni Vetri (GI)<\/li><li>Assistenza Stradale e Gestione Incidenti<\/li><\/ul><\/div>\n\t\t\t\t<\/div>\n\t\t\t\t\t\t\t<div class=\"elementor-toggle-item\">\n\t\t\t\t\t<div id=\"elementor-tab-title-9852\" class=\"elementor-tab-title\" data-tab=\"2\" role=\"button\" aria-controls=\"elementor-tab-content-9852\" aria-expanded=\"false\">\n\t\t\t\t\t\t\t\t\t\t\t\t<span class=\"elementor-toggle-icon elementor-toggle-icon-left\" aria-hidden=\"true\">\n\t\t\t\t\t\t\t\t\t\t\t\t\t\t\t<span class=\"elementor-toggle-icon-closed\"><i class=\"fas fa-caret-right\"><\/i><\/span>\n\t\t\t\t\t\t\t\t<span class=\"elementor-toggle-icon-opened\"><i class=\"elementor-toggle-icon-opened fas fa-caret-up\"><\/i><\/span>\n\t\t\t\t\t\t\t\t\t\t\t\t\t<\/span>\n\t\t\t\t\t\t\t\t\t\t\t\t<a class=\"elementor-toggle-title\" tabindex=\"0\">Quanti anni bisogna avere per noleggiare un veicolo?<\/a>\n\t\t\t\t\t<\/div>\n\n\t\t\t\t\t<div id=\"elementor-tab-content-9852\" class=\"elementor-tab-content elementor-clearfix\" data-tab=\"2\" role=\"region\" aria-labelledby=\"elementor-tab-title-9852\"><p>I conducenti devono avere un&#8217;et\u00e0 compresa tra 23 e 75 anni. L&#8217;et\u00e0 minima per il noleggio di un&#8217;auto \u00e8 di 23 anni per tutte le categorie di veicoli, eccetto per gli SUV, per i quali il conducente deve avere almeno 25 anni al momento del ritiro.<\/p><\/div>\n\t\t\t\t<\/div>\n\t\t\t\t\t\t\t<div class=\"elementor-toggle-item\">\n\t\t\t\t\t<div id=\"elementor-tab-title-9853\" class=\"elementor-tab-title\" data-tab=\"3\" role=\"button\" aria-controls=\"elementor-tab-content-9853\" aria-expanded=\"false\">\n\t\t\t\t\t\t\t\t\t\t\t\t<span class=\"elementor-toggle-icon elementor-toggle-icon-left\" aria-hidden=\"true\">\n\t\t\t\t\t\t\t\t\t\t\t\t\t\t\t<span class=\"elementor-toggle-icon-closed\"><i class=\"fas fa-caret-right\"><\/i><\/span>\n\t\t\t\t\t\t\t\t<span class=\"elementor-toggle-icon-opened\"><i class=\"elementor-toggle-icon-opened fas fa-caret-up\"><\/i><\/span>\n\t\t\t\t\t\t\t\t\t\t\t\t\t<\/span>\n\t\t\t\t\t\t\t\t\t\t\t\t<a class=\"elementor-toggle-title\" tabindex=\"0\">Quale prova di identit\u00e0 e\/o documentazione devo presentare al momento del ritiro del veicolo? <\/a>\n\t\t\t\t\t<\/div>\n\n\t\t\t\t\t<div id=\"elementor-tab-content-9853\" class=\"elementor-tab-content elementor-clearfix\" data-tab=\"3\" role=\"region\" aria-labelledby=\"elementor-tab-title-9853\"><p data-start=\"72\" data-end=\"169\">Al momento del ritiro del veicolo, \u00e8 necessario presentare i seguenti documenti:<\/p><ol><li data-start=\"171\" data-end=\"300\">Una patente di guida valida per tutti i conducenti dichiarati, rilasciata almeno un (1) anno solare prima della data di ritiro.<\/li><li data-start=\"171\" data-end=\"300\">La carta d&#8217;identit\u00e0 (Carta d\u2019Identit\u00e0 Nazionale) o il passaporto (entrambi devono essere validi).<\/li><\/ol><\/div>\n\t\t\t\t<\/div>\n\t\t\t\t\t\t\t<div class=\"elementor-toggle-item\">\n\t\t\t\t\t<div id=\"elementor-tab-title-9854\" class=\"elementor-tab-title\" data-tab=\"4\" role=\"button\" aria-controls=\"elementor-tab-content-9854\" aria-expanded=\"false\">\n\t\t\t\t\t\t\t\t\t\t\t\t<span class=\"elementor-toggle-icon elementor-toggle-icon-left\" aria-hidden=\"true\">\n\t\t\t\t\t\t\t\t\t\t\t\t\t\t\t<span class=\"elementor-toggle-icon-closed\"><i class=\"fas fa-caret-right\"><\/i><\/span>\n\t\t\t\t\t\t\t\t<span class=\"elementor-toggle-icon-opened\"><i class=\"elementor-toggle-icon-opened fas fa-caret-up\"><\/i><\/span>\n\t\t\t\t\t\t\t\t\t\t\t\t\t<\/span>\n\t\t\t\t\t\t\t\t\t\t\t\t<a class=\"elementor-toggle-title\" tabindex=\"0\">\u00c8 consentito fumare all'interno del veicolo?<\/a>\n\t\t\t\t\t<\/div>\n\n\t\t\t\t\t<div id=\"elementor-tab-content-9854\" class=\"elementor-tab-content elementor-clearfix\" data-tab=\"4\" role=\"region\" aria-labelledby=\"elementor-tab-title-9854\"><p>La nostra azienda applica una rigorosa <strong>politica di divieto di fumo<\/strong> in tutti i veicoli. <strong>Verr\u00e0 addebitata al locatario una tariffa speciale di pulizia<\/strong> se un veicolo restituito richiede cure aggiuntive per eliminare qualsiasi traccia di fumo.<\/p><\/div>\n\t\t\t\t<\/div>\n\t\t\t\t\t\t\t<div class=\"elementor-toggle-item\">\n\t\t\t\t\t<div id=\"elementor-tab-title-9855\" class=\"elementor-tab-title\" data-tab=\"5\" role=\"button\" aria-controls=\"elementor-tab-content-9855\" aria-expanded=\"false\">\n\t\t\t\t\t\t\t\t\t\t\t\t<span class=\"elementor-toggle-icon elementor-toggle-icon-left\" aria-hidden=\"true\">\n\t\t\t\t\t\t\t\t\t\t\t\t\t\t\t<span class=\"elementor-toggle-icon-closed\"><i class=\"fas fa-caret-right\"><\/i><\/span>\n\t\t\t\t\t\t\t\t<span class=\"elementor-toggle-icon-opened\"><i class=\"elementor-toggle-icon-opened fas fa-caret-up\"><\/i><\/span>\n\t\t\t\t\t\t\t\t\t\t\t\t\t<\/span>\n\t\t\t\t\t\t\t\t\t\t\t\t<a class=\"elementor-toggle-title\" tabindex=\"0\">Esiste un limite di chilometraggio?<\/a>\n\t\t\t\t\t<\/div>\n\n\t\t\t\t\t<div id=\"elementor-tab-content-9855\" class=\"elementor-tab-content elementor-clearfix\" data-tab=\"5\" role=\"region\" aria-labelledby=\"elementor-tab-title-9855\"><p>No. Le nostre tariffe includono <strong>chilometraggio illimitato<\/strong>.<\/p><\/div>\n\t\t\t\t<\/div>\n\t\t\t\t\t\t\t<div class=\"elementor-toggle-item\">\n\t\t\t\t\t<div id=\"elementor-tab-title-9856\" class=\"elementor-tab-title\" data-tab=\"6\" role=\"button\" aria-controls=\"elementor-tab-content-9856\" aria-expanded=\"false\">\n\t\t\t\t\t\t\t\t\t\t\t\t<span class=\"elementor-toggle-icon elementor-toggle-icon-left\" aria-hidden=\"true\">\n\t\t\t\t\t\t\t\t\t\t\t\t\t\t\t<span class=\"elementor-toggle-icon-closed\"><i class=\"fas fa-caret-right\"><\/i><\/span>\n\t\t\t\t\t\t\t\t<span class=\"elementor-toggle-icon-opened\"><i class=\"elementor-toggle-icon-opened fas fa-caret-up\"><\/i><\/span>\n\t\t\t\t\t\t\t\t\t\t\t\t\t<\/span>\n\t\t\t\t\t\t\t\t\t\t\t\t<a class=\"elementor-toggle-title\" tabindex=\"0\">Qual \u00e8 la politica sul carburante?<\/a>\n\t\t\t\t\t<\/div>\n\n\t\t\t\t\t<div id=\"elementor-tab-content-9856\" class=\"elementor-tab-content elementor-clearfix\" data-tab=\"6\" role=\"region\" aria-labelledby=\"elementor-tab-title-9856\"><p>La nostra politica sul carburante \u00e8 <strong>&#8220;Pieno a pieno&#8221;<\/strong><\/p><p>\u00c8 necessario restituire il veicolo <strong>con la stessa quantit\u00e0 di carburante<\/strong> presente al momento del ritiro. Nel caso in cui il livello del carburante sia inferiore, verr\u00e0 addebitata la differenza.<\/p><\/div>\n\t\t\t\t<\/div>\n\t\t\t\t\t\t\t<div class=\"elementor-toggle-item\">\n\t\t\t\t\t<div id=\"elementor-tab-title-9857\" class=\"elementor-tab-title\" data-tab=\"7\" role=\"button\" aria-controls=\"elementor-tab-content-9857\" aria-expanded=\"false\">\n\t\t\t\t\t\t\t\t\t\t\t\t<span class=\"elementor-toggle-icon elementor-toggle-icon-left\" aria-hidden=\"true\">\n\t\t\t\t\t\t\t\t\t\t\t\t\t\t\t<span class=\"elementor-toggle-icon-closed\"><i class=\"fas fa-caret-right\"><\/i><\/span>\n\t\t\t\t\t\t\t\t<span class=\"elementor-toggle-icon-opened\"><i class=\"elementor-toggle-icon-opened fas fa-caret-up\"><\/i><\/span>\n\t\t\t\t\t\t\t\t\t\t\t\t\t<\/span>\n\t\t\t\t\t\t\t\t\t\t\t\t<a class=\"elementor-toggle-title\" tabindex=\"0\">\u00c8 consentito guidare su strade sterrate o non asfaltate?<\/a>\n\t\t\t\t\t<\/div>\n\n\t\t\t\t\t<div id=\"elementor-tab-content-9857\" class=\"elementor-tab-content elementor-clearfix\" data-tab=\"7\" role=\"region\" aria-labelledby=\"elementor-tab-title-9857\"><p data-start=\"72\" data-end=\"251\">Guidare il veicolo a noleggio <strong>su strade non asfaltate, in aree off-road o su percorsi sterrati \u00e8 considerato una violazione<\/strong> dei termini e condizioni del noleggio.<\/p><p data-start=\"253\" data-end=\"424\">Eventuali danni o usura causati in queste condizioni, cos\u00ec come i relativi costi di riparazione o di trasferimento del veicolo, <strong>saranno a carico esclusivo del locatario.<\/strong><\/p><\/div>\n\t\t\t\t<\/div>\n\t\t\t\t\t\t\t<div class=\"elementor-toggle-item\">\n\t\t\t\t\t<div id=\"elementor-tab-title-9858\" class=\"elementor-tab-title\" data-tab=\"8\" role=\"button\" aria-controls=\"elementor-tab-content-9858\" aria-expanded=\"false\">\n\t\t\t\t\t\t\t\t\t\t\t\t<span class=\"elementor-toggle-icon elementor-toggle-icon-left\" aria-hidden=\"true\">\n\t\t\t\t\t\t\t\t\t\t\t\t\t\t\t<span class=\"elementor-toggle-icon-closed\"><i class=\"fas fa-caret-right\"><\/i><\/span>\n\t\t\t\t\t\t\t\t<span class=\"elementor-toggle-icon-opened\"><i class=\"elementor-toggle-icon-opened fas fa-caret-up\"><\/i><\/span>\n\t\t\t\t\t\t\t\t\t\t\t\t\t<\/span>\n\t\t\t\t\t\t\t\t\t\t\t\t<a class=\"elementor-toggle-title\" tabindex=\"0\">Cosa succede in caso di ritardo del volo?<\/a>\n\t\t\t\t\t<\/div>\n\n\t\t\t\t\t<div id=\"elementor-tab-content-9858\" class=\"elementor-tab-content elementor-clearfix\" data-tab=\"8\" role=\"region\" aria-labelledby=\"elementor-tab-title-9858\"><p>In caso di ritardo del volo, <strong>non devi preoccuparti.<\/strong><\/p><p>Il nostro staff monitora in tempo <strong>reale gli orari<\/strong> di arrivo di tutti i voli, cos\u00ec come eventuali cambiamenti <strong>dell\u2019ultimo minuto<\/strong> nel programma.<\/p><\/div>\n\t\t\t\t<\/div>\n\t\t\t\t\t\t\t\t<\/div>\n\t\t\t\t\t\t<\/div>\n\t\t\t\t<\/div>\n\t\t\t\t\t<\/div>\n\t\t<\/div>\n\t\t\t\t\t<\/div>\n\t\t<\/section>\n\t\t\t\t<\/div>\n\t\t","protected":false},"excerpt":{"rendered":"<p>FAQ Domande frequenti Hai domande? Abbiamo le risposte! \u00a0Hai domande? Abbiamo raccolto le domande pi\u00f9 frequenti in modo che tu possa trovare rapidamente tutto ci\u00f2 che devi sapere sul noleggio auto: dall\u2019et\u00e0 del guidatore e l\u2019assicurazione, alla politica carburante e al deposito.Se non trovi la risposta che cerchi, il nostro team \u00e8 sempre disponibile ad [&hellip;]<\/p>\n","protected":false},"author":3,"featured_media":0,"parent":0,"menu_order":0,"comment_status":"closed","ping_status":"closed","template":"","meta":{"site-sidebar-layout":"no-sidebar","site-content-layout":"page-builder","ast-site-content-layout":"default","site-content-style":"default","site-sidebar-style":"default","ast-global-header-display":"","ast-banner-title-visibility":"","ast-main-header-display":"","ast-hfb-above-header-display":"","ast-hfb-below-header-display":"","ast-hfb-mobile-header-display":"","site-post-title":"disabled","ast-breadcrumbs-content":"","ast-featured-img":"disabled","footer-sml-layout":"","ast-disable-related-posts":"","theme-transparent-header-meta":"enabled","adv-header-id-meta":"","stick-header-meta":"default","header-above-stick-meta":"","header-main-stick-meta":"","header-below-stick-meta":"","astra-migrate-meta-layouts":"set","ast-page-background-enabled":"default","ast-page-background-meta":{"desktop":{"background-color":"","background-image":"","background-repeat":"repeat","background-position":"center center","background-size":"auto","background-attachment":"scroll","background-type":"","background-media":"","overlay-type":"","overlay-color":"","overlay-opacity":"","overlay-gradient":""},"tablet":{"background-color":"","background-image":"","background-repeat":"repeat","background-position":"center center","background-size":"auto","background-attachment":"scroll","background-type":"","background-media":"","overlay-type":"","overlay-color":"","overlay-opacity":"","overlay-gradient":""},"mobile":{"background-color":"","background-image":"","background-repeat":"repeat","background-position":"center center","background-size":"auto","background-attachment":"scroll","background-type":"","background-media":"","overlay-type":"","overlay-color":"","overlay-opacity":"","overlay-gradient":""}},"ast-content-background-meta":{"desktop":{"background-color":"var(--ast-global-color-5)","background-image":"","background-repeat":"repeat","background-position":"center center","background-size":"auto","background-attachment":"scroll","background-type":"","background-media":"","overlay-type":"","overlay-color":"","overlay-opacity":"","overlay-gradient":""},"tablet":{"background-color":"var(--ast-global-color-5)","background-image":"","background-repeat":"repeat","background-position":"center center","background-size":"auto","background-attachment":"scroll","background-type":"","background-media":"","overlay-type":"","overlay-color":"","overlay-opacity":"","overlay-gradient":""},"mobile":{"background-color":"var(--ast-global-color-5)","background-image":"","background-repeat":"repeat","background-position":"center center","background-size":"auto","background-attachment":"scroll","background-type":"","background-media":"","overlay-type":"","overlay-color":"","overlay-opacity":"","overlay-gradient":""}},"footnotes":""},"class_list":["post-40597","page","type-page","status-publish","hentry"],"_links":{"self":[{"href":"https:\/\/cretacars.com\/it\/wp-json\/wp\/v2\/pages\/40597","targetHints":{"allow":["GET"]}}],"collection":[{"href":"https:\/\/cretacars.com\/it\/wp-json\/wp\/v2\/pages"}],"about":[{"href":"https:\/\/cretacars.com\/it\/wp-json\/wp\/v2\/types\/page"}],"author":[{"embeddable":true,"href":"https:\/\/cretacars.com\/it\/wp-json\/wp\/v2\/users\/3"}],"replies":[{"embeddable":true,"href":"https:\/\/cretacars.com\/it\/wp-json\/wp\/v2\/comments?post=40597"}],"version-history":[{"count":28,"href":"https:\/\/cretacars.com\/it\/wp-json\/wp\/v2\/pages\/40597\/revisions"}],"predecessor-version":[{"id":40930,"href":"https:\/\/cretacars.com\/it\/wp-json\/wp\/v2\/pages\/40597\/revisions\/40930"}],"wp:attachment":[{"href":"https:\/\/cretacars.com\/it\/wp-json\/wp\/v2\/media?parent=40597"}],"curies":[{"name":"wp","href":"https:\/\/api.w.org\/{rel}","templated":true}]}}